{"id":26397,"date":"2024-06-06T14:31:47","date_gmt":"2024-06-06T12:31:47","guid":{"rendered":"https:\/\/www.teraitaly.com\/whistleblowing\/"},"modified":"2024-07-24T16:22:08","modified_gmt":"2024-07-24T14:22:08","slug":"whistleblowing","status":"publish","type":"page","link":"https:\/\/www.teraitaly.com\/fr\/whistleblowing\/","title":{"rendered":"Whistleblowing"},"content":{"rendered":"<div class=\"col-inner\">\n<p>Avec le d\u00e9cret l\u00e9gislatif no. Le 24 du 10 mars 2023, la directive (UE) 2019\/1937 concernant la protection des personnes qui signalent des violations du droit de l&rsquo;Union (dite directive sur les d\u00e9nonciations) a \u00e9t\u00e9 transpos\u00e9e dans notre syst\u00e8me juridique.<br \/>\nAfin de mettre en \u0153uvre les dispositions introduites par le d\u00e9cret l\u00e9gislatif. 24\/2023, a \u00e9t\u00e9 adopt\u00e9e une Proc\u00e9dure qui fournit des indications op\u00e9rationnelles claires sur le sujet, les destinataires, les modalit\u00e9s de transmission et de gestion des signalements concernant les \u00ab violations \u00bb, ainsi que sur les mesures de protection envisag\u00e9es.<\/p>\n<\/div>\n<p>&nbsp;<\/p>\n<div class=\"col-12 d-flex justifier-content-center\" style=\"gap: 20px;\"><a class=\"btn-default\" href=\"https:\/\/teraplast.wb.teseoerm.com\/ #\/\" target=\"_blank\" rel=\"noopener\">Plateforme de d\u00e9nonciation<\/a> <a class=\"btn-default\" href=\"http:\/\/tera.nooostaging.com\/wp-content\/uploads\/2024\/06\/whistleblowing.pdf\" target=\"_blank\" rel=\"noopener\">Informations<\/ a><\/div>\n","protected":false},"excerpt":{"rendered":"<p>Avec le d\u00e9cret l\u00e9gislatif no. Le 24 du 10 mars 2023, la directive (UE) 2019\/1937 concernant la protection des personnes qui signalent des violations du droit de l&rsquo;Union (dite directive sur les d\u00e9nonciations) a \u00e9t\u00e9 transpos\u00e9e dans notre syst\u00e8me juridique. Afin de mettre en \u0153uvre les dispositions introduites par le d\u00e9cret l\u00e9gislatif. 24\/2023, a \u00e9t\u00e9 [&hellip;]<\/p>\n","protected":false},"author":2,"featured_media":0,"parent":0,"menu_order":0,"comment_status":"closed","ping_status":"closed","template":"","meta":{"inline_featured_image":false,"footnotes":""},"class_list":["post-26397","page","type-page","status-publish","hentry"],"acf":[],"_links":{"self":[{"href":"https:\/\/www.teraitaly.com\/fr\/wp-json\/wp\/v2\/pages\/26397","targetHints":{"allow":["GET"]}}],"collection":[{"href":"https:\/\/www.teraitaly.com\/fr\/wp-json\/wp\/v2\/pages"}],"about":[{"href":"https:\/\/www.teraitaly.com\/fr\/wp-json\/wp\/v2\/types\/page"}],"author":[{"embeddable":true,"href":"https:\/\/www.teraitaly.com\/fr\/wp-json\/wp\/v2\/users\/2"}],"replies":[{"embeddable":true,"href":"https:\/\/www.teraitaly.com\/fr\/wp-json\/wp\/v2\/comments?post=26397"}],"version-history":[{"count":1,"href":"https:\/\/www.teraitaly.com\/fr\/wp-json\/wp\/v2\/pages\/26397\/revisions"}],"predecessor-version":[{"id":26400,"href":"https:\/\/www.teraitaly.com\/fr\/wp-json\/wp\/v2\/pages\/26397\/revisions\/26400"}],"wp:attachment":[{"href":"https:\/\/www.teraitaly.com\/fr\/wp-json\/wp\/v2\/media?parent=26397"}],"curies":[{"name":"wp","href":"https:\/\/api.w.org\/{rel}","templated":true}]}}