{"id":26381,"date":"2023-11-30T10:18:14","date_gmt":"2023-11-30T09:18:14","guid":{"rendered":"https:\/\/www.teraitaly.com\/cookie-policy\/"},"modified":"2024-07-24T16:18:19","modified_gmt":"2024-07-24T14:18:19","slug":"cookie-policy","status":"publish","type":"page","link":"https:\/\/www.teraitaly.com\/fr\/cookie-policy\/","title":{"rendered":"Cookie Policy"},"content":{"rendered":"<div class=\"col-inner\">\n<p>(Informations conformes \u00e0 la Disposition du Garant pour la Protection des Donn\u00e9es Personnelles 8.5.2014 n. 229)<br \/>\n&nbsp;<br \/>\nOui, veuillez noter que ce site Web utilise des cookies afin de rendre ses services aussi efficaces et faciles \u00e0 utiliser que possible. Ce site utilise des cookies techniques, qui peuvent \u00eatre utilis\u00e9s sans demander le consentement de l&rsquo;utilisateur car ils sont strictement n\u00e9cessaires \u00e0 la fourniture du service, et des cookies analytiques tiers, fournis par le service Google Analytics.<br \/>\n&nbsp;<br \/>\nEn utilisant ce site, vous d\u00e9clarez accepter et consentir \u00e0 l&rsquo;utilisation de cookies conform\u00e9ment aux conditions d&rsquo;utilisation des cookies exprim\u00e9es dans ce document.<br \/>\n&nbsp;<br \/>\n&nbsp;<br \/>\n<strong>Que sont les cookies\u00a0?<\/strong><br \/>\n&nbsp;<br \/>\nLes cookies sont de petites cha\u00eenes de texte que le site Web visit\u00e9 par l&rsquo;utilisateur envoie \u00e0 son navigateur ou \u00e0 son appareil mobile. Des cookies sont stock\u00e9s par ces derniers, et sont retransmis au site lors de la prochaine visite de l&rsquo;utilisateur. En naviguant sur le site, l&rsquo;utilisateur peut \u00e9galement recevoir des cookies envoy\u00e9s par diff\u00e9rents sites ou serveurs web (appel\u00e9s \u00ab tiers \u00bb), sur lesquels peuvent r\u00e9sider certains \u00e9l\u00e9ments (comme par exemple des images, des cartes, des sons, des liens sp\u00e9cifiques vers pages autres domaines) pr\u00e9sentes sur le site que l&rsquo;utilisateur visite<br \/>\n&nbsp;<br \/>\n&nbsp;<br \/>\n<strong>Types de cookies<\/strong><br \/>\n&nbsp;<br \/>\nLes cookies peuvent \u00eatre r\u00e9partis dans les cat\u00e9gories suivantes :<br \/>\n&nbsp;<br \/>\n&nbsp;<br \/>\n<strong>Cookies techniques<\/strong><br \/>\n&nbsp;<br \/>\nLes cookies techniques sont ceux utilis\u00e9s dans le seul but de permettre une navigation et une utilisation correcte du site. En l&rsquo;absence de ces cookies, le site ou certaines parties de celui-ci pourraient ne pas fonctionner correctement. Ils sont donc toujours utilis\u00e9s, quelles que soient les pr\u00e9f\u00e9rences de l&rsquo;utilisateur. Les cookies de cette cat\u00e9gorie comprennent \u00e0 la fois les cookies persistants et les cookies de session.<br \/>\n&nbsp;<br \/>\nLes cookies techniques peuvent \u00eatre divis\u00e9s en :<br \/>\n&nbsp;<\/p>\n<ul>\n<li>\u2013\u00a0Cookies de navigation et de session<\/li>\n<li>\u2013\u00a0Cookies de fonctionnalit\u00e9<\/li>\n<li>\u2013\u00a0Cookies analytiques<\/li>\n<\/ul>\n<p>&nbsp;<br \/>\nLes cookies de navigation et de session garantissent une navigation et une utilisation correcte du site. Ils permettent par exemple l\u2019authentification et l\u2019acc\u00e8s aux zones restreintes.<br \/>\n&nbsp;<br \/>\nLes cookies de fonctionnalit\u00e9s permettent \u00e0 l&rsquo;utilisateur de naviguer selon les crit\u00e8res qu&rsquo;il a s\u00e9lectionn\u00e9s, par exemple la langue, afin d&rsquo;am\u00e9liorer le service.<br \/>\n&nbsp;<br \/>\nLes cookies analytiques (ou \u00ab cookies analytiques \u00bb) sont utilis\u00e9s pour collecter des informations sous forme agr\u00e9g\u00e9e et anonyme sur l&rsquo;utilisation du site et l&rsquo;activit\u00e9 des utilisateurs, par exemple le nombre d&rsquo;utilisateurs connect\u00e9s et les pages visit\u00e9es.<br \/>\n&nbsp;<br \/>\nLe Propri\u00e9taire utilise ces informations \u00e0 des fins d&rsquo;analyses statistiques, pour am\u00e9liorer le site et simplifier son utilisation, et pour contr\u00f4ler son bon fonctionnement.<br \/>\n&nbsp;<br \/>\n&nbsp;<br \/>\n<strong>Cookies de profilage<\/strong><br \/>\n&nbsp;<br \/>\nLes cookies de profilage permettent la collecte d&rsquo;informations sur l&rsquo;utilisation du site par l&rsquo;utilisateur individuel, permettant la cr\u00e9ation de profils d&rsquo;utilisateur sp\u00e9cifiques. Ils sont fr\u00e9quemment utilis\u00e9s \u00e0 des fins promotionnelles et pour des messages publicitaires.<br \/>\n&nbsp;<br \/>\nCompte tenu du caract\u00e8re particuli\u00e8rement envahissant que ceux-ci peuvent avoir dans la sph\u00e8re priv\u00e9e des utilisateurs, il est n\u00e9cessaire que l&rsquo;utilisateur soit suffisamment inform\u00e9 de leur utilisation et puisse exprimer son consentement ou son refus de les utiliser. Ce site n&rsquo;utilise pas de cookies de profilage.<br \/>\n&nbsp;<br \/>\n&nbsp;<br \/>\n<strong>Google\u00a0Analytics<\/strong><br \/>\n&nbsp;<br \/>\nLe site utilise le service Google Analytics pour analyser l&rsquo;utilisation du site par les utilisateurs. Google Analytics est un service d&rsquo;analyse Web fourni par Google, Inc. (\u00ab Google \u00bb). Google Analytics utilise des cookies propri\u00e9taires pour permettre au site Web d&rsquo;analyser la mani\u00e8re dont les utilisateurs utilisent le site. Les informations g\u00e9n\u00e9r\u00e9es par les cookies concernant votre utilisation du site Internet (y compris votre adresse IP) seront transmises et stock\u00e9es sur les serveurs de Google aux \u00c9tats-Unis. Google (contr\u00f4leur de donn\u00e9es ind\u00e9pendant) utilisera ces informations dans le but de suivre et d&rsquo;examiner votre utilisation du site Web, de compiler des rapports sur l&rsquo;activit\u00e9 du site Web pour les exploitants du site Web et de fournir d&rsquo;autres services li\u00e9s \u00e0 l&rsquo;activit\u00e9 du site Web et \u00e0 l&rsquo;utilisation d&rsquo;Internet. Google peut \u00e9galement transmettre ces informations \u00e0 des tiers lorsque la loi l&rsquo;exige ou lorsque ces tiers traitent les informations susmentionn\u00e9es pour le compte de Google. Google n&rsquo;associera pas votre adresse IP \u00e0 d&rsquo;autres donn\u00e9es d\u00e9tenues par Google. Vous pouvez refuser l&rsquo;utilisation de cookies en s\u00e9lectionnant le param\u00e8tre appropri\u00e9 sur votre navigateur, mais cela peut vous emp\u00eacher d&rsquo;utiliser toutes les fonctionnalit\u00e9s de ce site Internet. Pour plus d&rsquo;informations, veuillez consulter la politique de confidentialit\u00e9 de Google disponible sur : http:\/\/www.google.com\/privacypolicy.html.<br \/>\n&nbsp;<br \/>\n&nbsp;<br \/>\n<strong>V\u00e9rifier l&rsquo;installation des Cookies<\/strong><br \/>\n&nbsp;<br \/>\nL&rsquo;Utilisateur peut g\u00e9rer ses pr\u00e9f\u00e9rences relatives aux Cookies directement au sein de son navigateur et emp\u00eacherroi \u2013 par exemple \u2013 que des tiers puissent les installer. Gr\u00e2ce aux pr\u00e9f\u00e9rences du navigateur, il est \u00e9galement possible de supprimer les cookies install\u00e9s dans le pass\u00e9, y compris le cookie dans lequel est \u00e9ventuellement enregistr\u00e9 le consentement \u00e0 l&rsquo;installation de cookies par ce site. Il est important de noter qu&rsquo;en d\u00e9sactivant tous les cookies, le fonctionnement de ce site peut \u00eatre compromis.<br \/>\n&nbsp;<br \/>\nL\u2019Utilisateur peut trouver des informations sur la gestion des Cookies dans son navigateur aux adresses suivantes :<br \/>\n&nbsp;<\/p>\n<ul>\n<li>&#8211; Google Chrome (<a href=\"https:\/\/support.google.com\/chrome\/answer\/95647?hl=it&#038;p=cpn_cookies\" target=\"__blank\" rel=\"noopener\">https:\/\/support .google.com\/chrome\/answer\/95647?hl=it&#038;p=cpn_cookies<\/a>)<\/li>\n<li>&#8211; Mozilla Firefox (<a href=\"https:\/\/support.mozilla.org\/it\/kb\/Attivare%20e%20disattivare%20i%20cookie\" target=\"__blank\" rel=\"noopener\">https\u00a0:\/ \/support.mozilla.org\/it\/kb\/Attivare%20e%20disattivare%20i%20cookie<\/a>)<\/li>\n<li>&#8211; Apple Safari (<a href=\"https:\/\/support.apple.com\/kb\/PH19214?viewlocale=it_IT&#038;locale=en_US\" target=\"__blank\" rel=\"noopener\">https:\/\/support.apple .com\/kb\/PH19214?viewlocale=it_IT&#038;locale=en_US<\/a>)<\/li>\n<li>&#8211; Explorateur Microsoft Windows (<a href=\"https:\/\/support.microsoft.com\/it-it\/help\/17442\/windows-internet-explorer-delete-manage-cookies\" target=\"__blank\" rel=\"noopener\">https:\/\/support.microsoft.com\/it-it\/help\/17442\/windows-internet-explorer-delete-manage-cookies<\/a>).<\/li>\n<\/ul>\n<p>&nbsp;<br \/>\nDans le cas de services fournis par des tiers, l&rsquo;Utilisateur peut \u00e9galement exercer son droit d&rsquo;opposition au suivi en se renseignant via la politique de confidentialit\u00e9 du tiers en le contactant directement.<br \/>\n&nbsp;<br \/>\n&nbsp;<br \/>\n<strong>Titulaire du traitement<\/strong><br \/>\n&nbsp;<br \/>\nLe responsable du traitement des donn\u00e9es est TERAPLAST SPA.<br \/>\n&nbsp;<br \/>\n&nbsp;<\/p>\n<\/div>\n","protected":false},"excerpt":{"rendered":"<p>(Informations conformes \u00e0 la Disposition du Garant pour la Protection des Donn\u00e9es Personnelles 8.5.2014 n. 229) &nbsp; Oui, veuillez noter que ce site Web utilise des cookies afin de rendre ses services aussi efficaces et faciles \u00e0 utiliser que possible. Ce site utilise des cookies techniques, qui peuvent \u00eatre utilis\u00e9s sans demander le consentement de [&hellip;]<\/p>\n","protected":false},"author":2,"featured_media":0,"parent":0,"menu_order":0,"comment_status":"closed","ping_status":"closed","template":"","meta":{"inline_featured_image":false,"footnotes":""},"class_list":["post-26381","page","type-page","status-publish","hentry"],"acf":[],"_links":{"self":[{"href":"https:\/\/www.teraitaly.com\/fr\/wp-json\/wp\/v2\/pages\/26381","targetHints":{"allow":["GET"]}}],"collection":[{"href":"https:\/\/www.teraitaly.com\/fr\/wp-json\/wp\/v2\/pages"}],"about":[{"href":"https:\/\/www.teraitaly.com\/fr\/wp-json\/wp\/v2\/types\/page"}],"author":[{"embeddable":true,"href":"https:\/\/www.teraitaly.com\/fr\/wp-json\/wp\/v2\/users\/2"}],"replies":[{"embeddable":true,"href":"https:\/\/www.teraitaly.com\/fr\/wp-json\/wp\/v2\/comments?post=26381"}],"version-history":[{"count":1,"href":"https:\/\/www.teraitaly.com\/fr\/wp-json\/wp\/v2\/pages\/26381\/revisions"}],"predecessor-version":[{"id":26385,"href":"https:\/\/www.teraitaly.com\/fr\/wp-json\/wp\/v2\/pages\/26381\/revisions\/26385"}],"wp:attachment":[{"href":"https:\/\/www.teraitaly.com\/fr\/wp-json\/wp\/v2\/media?parent=26381"}],"curies":[{"name":"wp","href":"https:\/\/api.w.org\/{rel}","templated":true}]}}