{"id":26399,"date":"2024-06-06T14:31:47","date_gmt":"2024-06-06T12:31:47","guid":{"rendered":"https:\/\/www.teraitaly.com\/whistleblowing\/"},"modified":"2024-07-24T16:23:05","modified_gmt":"2024-07-24T14:23:05","slug":"whistleblowing","status":"publish","type":"page","link":"https:\/\/www.teraitaly.com\/es\/whistleblowing\/","title":{"rendered":"Whistleblowing"},"content":{"rendered":"<div class=\"col-inner\">\n<p>Con Decreto Legislativo no. El 24 de 10 de marzo de 2023 se implant\u00f3 en nuestro ordenamiento jur\u00eddico la Directiva (UE) 2019\/1937 relativa a la protecci\u00f3n de las personas que denuncien violaciones del Derecho de la Uni\u00f3n (la denominada Directiva de denuncia de irregularidades).<br \/>\nPara implementar las disposiciones introducidas por el Decreto Legislativo. 24\/2023, se ha adoptado un Procedimiento que proporciona indicaciones operativas claras sobre el tema, los destinatarios, los m\u00e9todos de transmisi\u00f3n y la gesti\u00f3n de las denuncias relativas a \u00abinfracciones\u00bb, as\u00ed como sobre las medidas de protecci\u00f3n previstas.<\/p>\n<\/div>\n<p>&nbsp;<\/p>\n<div class=\"col-12 d-flex justify-content-center\" style=\"gap: 20px;\"><a class=\"btn-default\" href=\"https:\/\/teraplast.wb.teseoerm.com\/ #\/\" target=\"_blank\" rel=\"noopener\">Plataforma de denuncia de irregularidades<\/a> <a class=\"btn-default\" href=\"http:\/\/tera.nooostaging.com\/wp-content\/uploads\/2024\/06\/whistleblowing.pdf\" target=\"_blank\" rel=\"noopener\">Informaci\u00f3n<\/ a><\/div>\n","protected":false},"excerpt":{"rendered":"<p>Con Decreto Legislativo no. El 24 de 10 de marzo de 2023 se implant\u00f3 en nuestro ordenamiento jur\u00eddico la Directiva (UE) 2019\/1937 relativa a la protecci\u00f3n de las personas que denuncien violaciones del Derecho de la Uni\u00f3n (la denominada Directiva de denuncia de irregularidades). Para implementar las disposiciones introducidas por el Decreto Legislativo. 24\/2023, se [&hellip;]<\/p>\n","protected":false},"author":2,"featured_media":0,"parent":0,"menu_order":0,"comment_status":"closed","ping_status":"closed","template":"","meta":{"inline_featured_image":false,"footnotes":""},"class_list":["post-26399","page","type-page","status-publish","hentry"],"acf":[],"_links":{"self":[{"href":"https:\/\/www.teraitaly.com\/es\/wp-json\/wp\/v2\/pages\/26399","targetHints":{"allow":["GET"]}}],"collection":[{"href":"https:\/\/www.teraitaly.com\/es\/wp-json\/wp\/v2\/pages"}],"about":[{"href":"https:\/\/www.teraitaly.com\/es\/wp-json\/wp\/v2\/types\/page"}],"author":[{"embeddable":true,"href":"https:\/\/www.teraitaly.com\/es\/wp-json\/wp\/v2\/users\/2"}],"replies":[{"embeddable":true,"href":"https:\/\/www.teraitaly.com\/es\/wp-json\/wp\/v2\/comments?post=26399"}],"version-history":[{"count":2,"href":"https:\/\/www.teraitaly.com\/es\/wp-json\/wp\/v2\/pages\/26399\/revisions"}],"predecessor-version":[{"id":26404,"href":"https:\/\/www.teraitaly.com\/es\/wp-json\/wp\/v2\/pages\/26399\/revisions\/26404"}],"wp:attachment":[{"href":"https:\/\/www.teraitaly.com\/es\/wp-json\/wp\/v2\/media?parent=26399"}],"curies":[{"name":"wp","href":"https:\/\/api.w.org\/{rel}","templated":true}]}}