{"id":26391,"date":"2023-11-30T10:17:58","date_gmt":"2023-11-30T09:17:58","guid":{"rendered":"https:\/\/www.teraitaly.com\/privacy-policy\/"},"modified":"2024-07-24T16:23:30","modified_gmt":"2024-07-24T14:23:30","slug":"privacy-policy","status":"publish","type":"page","link":"https:\/\/www.teraitaly.com\/es\/privacy-policy\/","title":{"rendered":"Privacy Policy"},"content":{"rendered":"<div class=\"col-inner\">\n<p><strong>Informaci\u00f3n conforme al art. 13 del Reglamento Europeo 679\/2016<\/strong><\/p>\n<p>De conformidad con el art. 13 del Reglamento Europeo (UE) 2016\/679 (en adelante RGPD), y en relaci\u00f3n con los datos personales de los cuales TERAPLAST SPA, en la persona del Representante Legal Pro tempore, con sede en Via Del Progresso, n 65 \u2013 36070 \u2013 Castelgomberto (VI) \u2013 N\u00famero de IVA: 02892400249 estar\u00e1n disponibles para los datos personales proporcionados por usted, en la ejecuci\u00f3n de un contrato del que es parte o en la realizaci\u00f3n de actividades precontractuales a su solicitud, le informamos de lo siguiente :<\/p>\n<p>&nbsp;<\/p>\n<ol>\n<li><strong>Responsable del tratamiento y responsable de la protecci\u00f3n de datos personales<\/strong><\/li>\n<\/ol>\n<p>El responsable del tratamiento es TERAPLAST SPA (en adelante tambi\u00e9n denominado \u201cRESPONSABLE DEL TRATAMIENTO\u201d en la persona del Representante Legal Pro tempore, con domicilio social en Via Del Progresso, n 65 \u2013 36070 \u2013 Castelgomberto (VI) \u2013 CIF: 02892400249. Se podr\u00e1 contactar al Responsable del tratamiento para cualquier comunicaci\u00f3n relativa a la privacidad en la siguiente direcci\u00f3n de correo electr\u00f3nico: info@teraplast.com.<\/p>\n<p>&nbsp;<\/p>\n<ol inicio=\"2\">\n<li><strong>Finalidad del procesamiento de datos y base legal del procesamiento<\/strong><\/li>\n<\/ol>\n<p>El Responsable del tratamiento procesa los datos personales de personas f\u00edsicas, jur\u00eddicas, empresas unipersonales y\/o aut\u00f3nomos (\u00abTitulares\u00bb) para las siguientes finalidades:<\/p>\n<ol>\n<li>necesidad de ejecutar un contrato del que el interesado es parte o de realizar actividades precontractuales a petici\u00f3n de \u00e9ste. Esta necesidad representa la base jur\u00eddica que legitima el tratamiento resultante. El suministro de los datos necesarios para estos fines representa, seg\u00fan los casos, una obligaci\u00f3n contractual o un requisito necesario para la celebraci\u00f3n del contrato; en ausencia de ellos, el titular no podr\u00eda establecer la relaci\u00f3n ni ejecutarla;<\/li>\n<li>necesidad de cumplir obligaciones legales (por ejemplo, obligaciones bajo la legislaci\u00f3n contra el lavado de dinero, disposiciones emitidas por las autoridades de supervisi\u00f3n, el poder judicial, etc.). Esta necesidad representa la base jur\u00eddica que legitima el tratamiento resultante. El suministro de los datos necesarios para estos fines representa una obligaci\u00f3n legal; en ausencia de ellos, el propietario no podr\u00eda establecer relaciones y podr\u00eda tener la obligaci\u00f3n de realizar informes;<\/li>\n<li>necesitan realizar actividades de procesamiento de pl\u00e1sticos y diferentes materiales, incluso mediante el dise\u00f1o y creaci\u00f3n de moldes, el ensamblaje final de m\u00faltiples piezas y la creaci\u00f3n de embalajes personalizados. Esta necesidad representa la base jur\u00eddica que legitima el consiguiente tratamiento. El suministro de los datos necesarios para estos fines representa, seg\u00fan los casos, una obligaci\u00f3n contractual o un requisito necesario para la celebraci\u00f3n del contrato; en ausencia de ellos, el titular no podr\u00eda establecer la relaci\u00f3n ni ejecutarla;<\/li>\n<li>env\u00edo de comunicaciones comerciales dedicadas, incluso mediante el env\u00edo de cartas de noticias, mensajes de texto, correos electr\u00f3nicos y llamadas telef\u00f3nicas, realizaci\u00f3n de actividades de promoci\u00f3n, marketing y venta de productos y servicios \u00abdedicados\u00bb del propietario o de terceras empresas, espec\u00edficamente identificadas mediante el tratamiento y el an\u00e1lisis, tambi\u00e9n mediante el uso de t\u00e9cnicas o sistemas automatizados, de informaci\u00f3n relativa a preferencias, h\u00e1bitos y opciones de consumo, con el objetivo de dividir a los interesados \u200b\u200ben grupos homog\u00e9neos en funci\u00f3n de comportamientos o caracter\u00edsticas espec\u00edficas (perfiles de clientes), tambi\u00e9n implementado mediante el enriquecimiento. de datos con informaci\u00f3n adquirida de terceros (enriquecimiento). La base jur\u00eddica que legitima el tratamiento resultante es el consentimiento del interesado que es libre de prestar o no y que puede, en todo caso, revocar en cualquier momento. La facilitaci\u00f3n de los datos necesarios para estos fines no es obligatoria y la negativa a facilitarlos no conlleva ninguna consecuencia negativa, salvo la imposibilidad de recibir comunicaciones comerciales espec\u00edficas.<\/li>\n<\/ol>\n<p>Los datos personales podr\u00e1n procesarse utilizando archivos tanto en papel como inform\u00e1ticos (incluidos dispositivos port\u00e1tiles) y procesados \u200b\u200bde la manera estrictamente necesaria para cumplir con los fines indicados anteriormente.<\/p>\n<p>&nbsp;<\/p>\n<ol inicio=\"3\">\n<li><strong>Consecuencias de la no facilitaci\u00f3n de datos personales<\/strong><\/li>\n<\/ol>\n<p>Con respecto a los datos personales relacionados con la ejecuci\u00f3n de los puntos a, b, c, anteriores de los cuales usted es parte, o relacionados con el cumplimiento de una obligaci\u00f3n reglamentaria (por ejemplo, las obligaciones relacionadas con el mantenimiento de registros contables y fiscales), La falta de comunicaci\u00f3n de los datos personales impide la finalizaci\u00f3n de la propia relaci\u00f3n contractual y\/o en cualquier caso la posibilidad de realizar y desarrollar las actividades comerciales y de colaboraci\u00f3n contractual existentes as\u00ed como el cumplimiento de las obligaciones contractuales derivadas de los propios puntos a, b, c. En lo que respecta a los datos personaleslos relativos a las actividades comerciales y promocionales mencionadas en la letra d), el suministro de los datos necesarios para estos fines no es obligatorio y la negativa a proporcionarlos no conlleva ninguna consecuencia negativa, excepto la imposibilidad de recibir comunicaciones comerciales espec\u00edficas.<\/p>\n<p>&nbsp;<\/p>\n<ol inicio=\"4\">\n<li><strong>Retenci\u00f3n de datos<\/strong><\/li>\n<\/ol>\n<p>Sus datos personales, sujetos a tratamiento para los fines indicados anteriormente, se conservar\u00e1n durante la duraci\u00f3n del contrato y, posteriormente, durante el tiempo en que el Responsable est\u00e9 sujeto a obligaciones de conservaci\u00f3n a efectos fiscales o para otros fines, previstos, por ley o reglamento.<\/p>\n<p>&nbsp;<\/p>\n<ol inicio=\"5\">\n<li><strong>Comunicaci\u00f3n de datos<\/strong><\/li>\n<\/ol>\n<p>Sus datos personales podr\u00e1n ser comunicados a:<\/p>\n<p>a) consultores y contadores o abogados que presten servicios funcionales para los fines antes se\u00f1alados;<br \/>\nb) instituciones bancarias y de seguros que presten servicios funcionales para los fines indicados anteriormente;<br \/>\nc) sujetos que procesan datos en cumplimiento de obligaciones legales espec\u00edficas;<br \/>\nd) Autoridades judiciales o administrativas, para el cumplimiento de obligaciones legales;<\/p>\n<p>&nbsp;<\/p>\n<ol inicio=\"6\">\n<li><strong>Perfiles y difusi\u00f3n de datos<\/strong><\/li>\n<\/ol>\n<p>Sus datos personales no est\u00e1n sujetos a difusi\u00f3n ni a ning\u00fan proceso de toma de decisiones totalmente automatizado, incluida la elaboraci\u00f3n de perfiles.<\/p>\n<p>&nbsp;<\/p>\n<ol inicio=\"7\">\n<li><strong>Derechos del interesado<\/strong><\/li>\n<\/ol>\n<p>Los derechos que le reconoce el RGPD incluyen los de:<\/p>\n<ul>\n<li>solicitar al Controlador de datos acceso a sus datos personales y a la informaci\u00f3n relacionada con ellos; la rectificaci\u00f3n de datos inexactos o la integraci\u00f3n de datos incompletos; la eliminaci\u00f3n de los datos personales que le conciernen (si se cumple una de las condiciones indicadas en el art\u00edculo 17, apartado 1 del RGPD y respetando las excepciones previstas en el apartado 3 del mismo art\u00edculo); la limitaci\u00f3n del tratamiento de sus datos personales (en el caso de una de las hip\u00f3tesis indicadas en el art. 18, apartado 1 del RGPD);<\/li>\n<li>solicitar y obtener del Responsable del tratamiento &#8211; en los casos en que la base jur\u00eddica del tratamiento sea el contrato o el consentimiento, y el mismo se realice por medios automatizados &#8211; sus datos personales en un formato estructurado y legible por dispositivo autom\u00e1tico , incluso para comunicar dichos datos a otro responsable del tratamiento (el llamado derecho a la portabilidad de los datos personales);<\/li>\n<li>oponerse en cualquier momento al tratamiento de sus datos personales en caso de situaciones particulares que le conciernen;<\/li>\n<li>revocar el consentimiento en cualquier momento, limitado a los casos en los que el procesamiento se base en su consentimiento para uno o m\u00e1s fines espec\u00edficos y se refiera a datos personales comunes (por ejemplo, fecha y lugar de nacimiento o lugar de residencia), o categor\u00edas particulares de datos (por ejemplo, datos que revelen su origen racial, sus opiniones pol\u00edticas, sus creencias religiosas, su salud o su vida sexual). Sin embargo, el tratamiento basado en el consentimiento y realizado antes de su revocaci\u00f3n conserva su licitud;<\/li>\n<li>presentar una queja ante una autoridad de control (Autoridad de Protecci\u00f3n de Datos Personales \u2013 <a href=\"http:\/\/www.garanteprivacy.it\" target=\"_blank\" rel=\"noopener\">garanteprivacy.it<\/a>).<\/li>\n<\/ul>\n<p>&nbsp;<\/p>\n<\/div>\n","protected":false},"excerpt":{"rendered":"<p>Informaci\u00f3n conforme al art. 13 del Reglamento Europeo 679\/2016 De conformidad con el art. 13 del Reglamento Europeo (UE) 2016\/679 (en adelante RGPD), y en relaci\u00f3n con los datos personales de los cuales TERAPLAST SPA, en la persona del Representante Legal Pro tempore, con sede en Via Del Progresso, n 65 \u2013 36070 \u2013 Castelgomberto [&hellip;]<\/p>\n","protected":false},"author":2,"featured_media":0,"parent":0,"menu_order":0,"comment_status":"closed","ping_status":"closed","template":"","meta":{"inline_featured_image":false,"footnotes":""},"class_list":["post-26391","page","type-page","status-publish","hentry"],"acf":[],"_links":{"self":[{"href":"https:\/\/www.teraitaly.com\/es\/wp-json\/wp\/v2\/pages\/26391","targetHints":{"allow":["GET"]}}],"collection":[{"href":"https:\/\/www.teraitaly.com\/es\/wp-json\/wp\/v2\/pages"}],"about":[{"href":"https:\/\/www.teraitaly.com\/es\/wp-json\/wp\/v2\/types\/page"}],"author":[{"embeddable":true,"href":"https:\/\/www.teraitaly.com\/es\/wp-json\/wp\/v2\/users\/2"}],"replies":[{"embeddable":true,"href":"https:\/\/www.teraitaly.com\/es\/wp-json\/wp\/v2\/comments?post=26391"}],"version-history":[{"count":2,"href":"https:\/\/www.teraitaly.com\/es\/wp-json\/wp\/v2\/pages\/26391\/revisions"}],"predecessor-version":[{"id":26407,"href":"https:\/\/www.teraitaly.com\/es\/wp-json\/wp\/v2\/pages\/26391\/revisions\/26407"}],"wp:attachment":[{"href":"https:\/\/www.teraitaly.com\/es\/wp-json\/wp\/v2\/media?parent=26391"}],"curies":[{"name":"wp","href":"https:\/\/api.w.org\/{rel}","templated":true}]}}