{"id":26383,"date":"2023-11-30T10:18:14","date_gmt":"2023-11-30T09:18:14","guid":{"rendered":"https:\/\/www.teraitaly.com\/cookie-policy\/"},"modified":"2024-07-24T16:23:26","modified_gmt":"2024-07-24T14:23:26","slug":"cookie-policy","status":"publish","type":"page","link":"https:\/\/www.teraitaly.com\/es\/cookie-policy\/","title":{"rendered":"Cookie Policy"},"content":{"rendered":"<div class=\"col-inner\">\n<p>(Informaci\u00f3n conforme a la Disposici\u00f3n del Garante para la Protecci\u00f3n de Datos Personales 8.5.2014 n. 229)<br \/>\n&nbsp;<br \/>\nS\u00ed, tenga en cuenta que este sitio web utiliza cookies para que sus servicios sean lo m\u00e1s eficientes y f\u00e1ciles de usar posible. Este sitio utiliza cookies t\u00e9cnicas, que pueden ser utilizadas sin solicitar el consentimiento del usuario por ser estrictamente necesarias para la prestaci\u00f3n del servicio, y cookies anal\u00edticas de terceros, proporcionadas por el servicio Google Analytics.<br \/>\n&nbsp;<br \/>\nAl utilizar este sitio, usted declara que acepta y consiente el uso de cookies de acuerdo con los t\u00e9rminos de uso de cookies expresados \u200b\u200ben este documento.<br \/>\n&nbsp;<br \/>\n&nbsp;<br \/>\n<strong>\u00bfQu\u00e9 son las cookies?<\/strong><br \/>\n&nbsp;<br \/>\nLas cookies son peque\u00f1as cadenas de texto que el sitio web visitado por el usuario env\u00eda a su navegador o dispositivo m\u00f3vil. Este \u00faltimo almacena las cookies y las retransmite al sitio en la pr\u00f3xima visita del usuario. Al navegar por el sitio, el usuario tambi\u00e9n puede recibir cookies enviadas desde diferentes sitios o servidores web (los llamados \u00abterceros\u00bb), en los que pueden residir algunos elementos (como, por ejemplo, im\u00e1genes, mapas, sonidos, enlaces espec\u00edficos a p\u00e1ginas otros dominios) presentes en el sitio que el usuario est\u00e1 visitando<br \/>\n&nbsp;<br \/>\n&nbsp;<br \/>\n<strong>Tipos de cookies<\/strong><br \/>\n&nbsp;<br \/>\nLas cookies se pueden dividir en las siguientes categor\u00edas:<br \/>\n&nbsp;<br \/>\n&nbsp;<br \/>\n<strong>Cookies t\u00e9cnicas<\/strong><br \/>\n&nbsp;<br \/>\nLas cookies t\u00e9cnicas son aquellas utilizadas con la \u00fanica finalidad de permitir la correcta navegaci\u00f3n y uso del sitio. En ausencia de estas cookies, es posible que el sitio o algunas partes del mismo no funcionen correctamente. Por tanto se utilizan siempre, independientemente de las preferencias del usuario. Las cookies de esta categor\u00eda incluyen tanto cookies persistentes como cookies de sesi\u00f3n.<br \/>\n&nbsp;<br \/>\nLas cookies t\u00e9cnicas se pueden dividir en:<br \/>\n&nbsp;<\/p>\n<ul>\n<li>\u2013 Cookies de navegaci\u00f3n y sesi\u00f3n<\/li>\n<li>\u2013 Cookies de funcionalidad<\/li>\n<li>\u2013 Cookies anal\u00edticas<\/li>\n<\/ul>\n<p>&nbsp;<br \/>\nLas cookies de navegaci\u00f3n y sesi\u00f3n garantizan la correcta navegaci\u00f3n y uso del sitio. Por ejemplo, permiten la autenticaci\u00f3n y el acceso a \u00e1reas restringidas.<br \/>\n&nbsp;<br \/>\nLas cookies de funcionalidad permiten al usuario navegar seg\u00fan los criterios que haya seleccionado, por ejemplo el idioma, con el fin de mejorar el servicio.<br \/>\n&nbsp;<br \/>\nLas cookies anal\u00edticas (o \u00abcookies anal\u00edticas\u00bb) se utilizan para recopilar informaci\u00f3n de forma agregada y an\u00f3nima sobre el uso del sitio y la actividad de los usuarios, por ejemplo, el n\u00famero de usuarios conectados y las p\u00e1ginas visitadas.<br \/>\n&nbsp;<br \/>\nEl Titular utiliza esta informaci\u00f3n para an\u00e1lisis estad\u00edsticos, para mejorar el sitio y simplificar su uso, y para controlar su correcto funcionamiento.<br \/>\n&nbsp;<br \/>\n&nbsp;<br \/>\n<strong>Cookies de creaci\u00f3n de perfiles<\/strong><br \/>\n&nbsp;<br \/>\nLas cookies de elaboraci\u00f3n de perfiles permiten la recopilaci\u00f3n de informaci\u00f3n sobre el uso del sitio por parte del usuario individual, permitiendo la creaci\u00f3n de perfiles de usuario espec\u00edficos. Se utilizan frecuentemente con fines promocionales y mensajes publicitarios.<br \/>\n&nbsp;<br \/>\nDada la especial invasividad que pueden tener en el \u00e1mbito privado de los usuarios, se requiere que el usuario est\u00e9 adecuadamente informado sobre su uso y pueda manifestar su consentimiento o negativa a utilizarlos. Este sitio no utiliza cookies de creaci\u00f3n de perfiles.<br \/>\n&nbsp;<br \/>\n&nbsp;<br \/>\n<strong>Google Analytics<\/strong><br \/>\n&nbsp;<br \/>\nEl sitio utiliza el servicio Google Analytics para analizar el uso del sitio por parte de los usuarios. Google Analytics es un servicio de an\u00e1lisis web proporcionado por Google, Inc. (\u201cGoogle\u201d). Google Analytics utiliza cookies propias para permitir que el sitio web analice c\u00f3mo los usuarios utilizan el sitio. La informaci\u00f3n generada por la cookie sobre su uso del sitio web (incluida su direcci\u00f3n IP) ser\u00e1 transmitida y almacenada en los servidores de Google en Estados Unidos. Google (responsable del tratamiento de datos independiente) utilizar\u00e1 esta informaci\u00f3n con el fin de rastrear y examinar su uso del sitio web, compilar informes sobre la actividad del sitio web para los operadores del sitio web y proporcionar otros servicios relacionados con la actividad del sitio web y el uso de Internet. Google tambi\u00e9n podr\u00e1 transferir esta informaci\u00f3n a terceros cuando as\u00ed lo requiera la ley o cuando dichos terceros procesen la informaci\u00f3n antes mencionada por cuenta de Google. Google no asociar\u00e1 su direcci\u00f3n IP con ning\u00fan otro dato del que disponga Google. Puede rechazar el uso de cookies seleccionando la configuraci\u00f3n adecuada en su navegador, pero esto puede impedirle utilizar todas las funciones de este sitio web. Para obtener m\u00e1s informaci\u00f3n, consulte la pol\u00edtica de privacidad de Google disponible en: http:\/\/www.google.com\/privacypolicy.html.<br \/>\n&nbsp;<br \/>\n&nbsp;<br \/>\n<strong>Comprobar la instalaci\u00f3n de Cookies<\/strong><br \/>\n&nbsp;<br \/>\nEl Usuario puede gestionar las preferencias relativas a las Cookies directamente en su navegador y evitarking \u2013 por ejemplo \u2013 que terceros puedan instalarlos. A trav\u00e9s de las preferencias del navegador tambi\u00e9n es posible eliminar las Cookies instaladas anteriormente, incluida la Cookie en la que posiblemente se guarda el consentimiento a la instalaci\u00f3n de Cookies por parte de este sitio. Es importante tener en cuenta que al desactivar todas las Cookies, el funcionamiento de este sitio puede verse comprometido.<br \/>\n&nbsp;<br \/>\nEl Usuario puede encontrar informaci\u00f3n sobre c\u00f3mo gestionar las Cookies en su navegador en las siguientes direcciones:<br \/>\n&nbsp;<\/p>\n<ul>\n<li>&#8211; Google Chrome (<a href=\"https:\/\/support.google.com\/chrome\/answer\/95647?hl=it&#038;p=cpn_cookies\" target=\"__blank\" rel=\"noopener\">https:\/\/support .google.com\/chrome\/answer\/95647?hl=it&#038;p=cpn_cookies<\/a>)<\/li>\n<li>&#8211; Mozilla Firefox (<a href=\"https:\/\/support.mozilla.org\/it\/kb\/Attivare%20e%20disattivare%20i%20cookie\" target=\"__blank\" rel=\"noopener\">https:\/ \/support.mozilla.org\/it\/kb\/Attivare%20e%20disattivare%20i%20cookie<\/a>)<\/li>\n<li>&#8211; Apple Safari (<a href=\"https:\/\/support.apple.com\/kb\/PH19214?viewlocale=it_IT&#038;locale=en_US\" target=\"__blank\" rel=\"noopener\">https:\/\/support.apple .com\/kb\/PH19214?viewlocale=it_IT&#038;locale=en_US<\/a>)<\/li>\n<li>&#8211; Microsoft Windows Explorer (<a href=\"https:\/\/support.microsoft.com\/it-it\/help\/17442\/windows-internet-explorer-delete-manage-cookies\" target=\"__blank\" rel=\"noopener\">https:\/\/support.microsoft.com\/it-it\/help\/17442\/windows-internet-explorer-delete-manage-cookies<\/a>).<\/li>\n<\/ul>\n<p>&nbsp;<br \/>\nEn el caso de servicios prestados por terceros, el Usuario tambi\u00e9n puede ejercer su derecho de oposici\u00f3n al seguimiento consultando a trav\u00e9s de la pol\u00edtica de privacidad del tercero contactando directamente con \u00e9l.<br \/>\n&nbsp;<br \/>\n&nbsp;<br \/>\n<strong>Responsable del tratamiento<\/strong><br \/>\n&nbsp;<br \/>\nEl Responsable del Tratamiento es TERAPLAST SPA.<br \/>\n&nbsp;<br \/>\n&nbsp;<\/p>\n<\/div>\n","protected":false},"excerpt":{"rendered":"<p>(Informaci\u00f3n conforme a la Disposici\u00f3n del Garante para la Protecci\u00f3n de Datos Personales 8.5.2014 n. 229) &nbsp; S\u00ed, tenga en cuenta que este sitio web utiliza cookies para que sus servicios sean lo m\u00e1s eficientes y f\u00e1ciles de usar posible. Este sitio utiliza cookies t\u00e9cnicas, que pueden ser utilizadas sin solicitar el consentimiento del usuario [&hellip;]<\/p>\n","protected":false},"author":2,"featured_media":0,"parent":0,"menu_order":0,"comment_status":"closed","ping_status":"closed","template":"","meta":{"inline_featured_image":false,"footnotes":""},"class_list":["post-26383","page","type-page","status-publish","hentry"],"acf":[],"_links":{"self":[{"href":"https:\/\/www.teraitaly.com\/es\/wp-json\/wp\/v2\/pages\/26383","targetHints":{"allow":["GET"]}}],"collection":[{"href":"https:\/\/www.teraitaly.com\/es\/wp-json\/wp\/v2\/pages"}],"about":[{"href":"https:\/\/www.teraitaly.com\/es\/wp-json\/wp\/v2\/types\/page"}],"author":[{"embeddable":true,"href":"https:\/\/www.teraitaly.com\/es\/wp-json\/wp\/v2\/users\/2"}],"replies":[{"embeddable":true,"href":"https:\/\/www.teraitaly.com\/es\/wp-json\/wp\/v2\/comments?post=26383"}],"version-history":[{"count":2,"href":"https:\/\/www.teraitaly.com\/es\/wp-json\/wp\/v2\/pages\/26383\/revisions"}],"predecessor-version":[{"id":26406,"href":"https:\/\/www.teraitaly.com\/es\/wp-json\/wp\/v2\/pages\/26383\/revisions\/26406"}],"wp:attachment":[{"href":"https:\/\/www.teraitaly.com\/es\/wp-json\/wp\/v2\/media?parent=26383"}],"curies":[{"name":"wp","href":"https:\/\/api.w.org\/{rel}","templated":true}]}}