{"id":26374,"date":"2024-06-06T14:21:43","date_gmt":"2024-06-06T12:21:43","guid":{"rendered":"https:\/\/www.teraitaly.com\/condizioni-commerciali-di-vendita\/"},"modified":"2024-12-02T12:15:47","modified_gmt":"2024-12-02T11:15:47","slug":"condizioni-commerciali-di-vendita","status":"publish","type":"page","link":"https:\/\/www.teraitaly.com\/es\/condizioni-commerciali-di-vendita\/","title":{"rendered":"Condiciones generales de venta"},"content":{"rendered":"<div class=\"col-inner\"><strong>1. DEFINICIONES<\/strong><\/div>\n<div class=\"col-inner\">1.1 De conformidad con las presentes condiciones generales de venta, se entender\u00e1 por:<br \/>\n\u2013 \u201cTERAPLAST\u201d: Teraplast S.p.A., con domicilio social en Castelgomberto (VI), Via del Progresso, n. 65, CIF y C.F. 02892400249;<br \/>\n\u2013 \u201cComprador\u201d: la persona f\u00edsica o jur\u00eddica que adquiere los Productos de TERAPLAST;<br \/>\n\u2013 \u201cContrato\u201d: el acuerdo entre las partes relativo a la venta o suministro de art\u00edculos producidos y\/o comercializados por TERAPLAST incluyendo todos sus ap\u00e9ndices, modificaciones acordadas y adiciones a dichos documentos;<br \/>\n\u2013 \u201cProducto(s)\u201d: cualquier art\u00edculo vendido o suministrado por TERAPLAST en el marco del Contrato, teniendo en cualquier caso como objeto exclusivo bienes muebles;<br \/>\n\u2013 \u201cCondiciones Generales de Venta (CGV)\u201d: estas Condiciones Generales;<br \/>\n\u2013 \u201cPrecio\u201d: la tarifa de venta facturada por TERAPLAST, incluidos todos los cargos auxiliares;<br \/>\n\u2013 \u201cLista de precios\u201d: la indicaci\u00f3n de los productos comercializados por TERAPLAST seg\u00fan las condiciones generales de comercializaci\u00f3n;<br \/>\n\u2013 \u201cPedido\u201d: el pedido del Comprador que contiene la aceptaci\u00f3n de las CGV;<br \/>\n\u2013 \u201cConfirmaci\u00f3n de Pedido (CdO)\u201d: confirmaci\u00f3n de la aceptaci\u00f3n del Comprador por parte de TERAPLAST.<\/div>\n<div class=\"col-inner\">\n<p>&nbsp;<\/p>\n<p>&nbsp;<\/p>\n<p><strong>2. SUJETO Y ACEPTACI\u00d3N DE LAS CONDICIONES GENERALES DE VENTA<\/strong><\/p>\n<p>2.1 \u201cTodos los contratos y\/o negociaciones para la venta de Productos TERAPLAST, celebrados al mismo tiempo y\/o despu\u00e9s de la firma de estas CGV, se regir\u00e1n y se regir\u00e1n exclusivamente por estas CGV, que el Comprador declara conocer y aceptar. \u00ab;<br \/>\n2.2 TERAPLAST no se considera obligado a condiciones diferentes sin previo acuerdo expreso y escrito de excepci\u00f3n;<br \/>\n2.3 Las medidas, ilustraciones, dibujos, precios y formas de pago incluidos en cat\u00e1logos, folletos, circulares y listas de precios no son vinculantes si no est\u00e1n expresamente mencionados en la Tarifa de Precios.<\/p>\n<\/div>\n<p>&nbsp;<\/p>\n<p>&nbsp;<\/p>\n<div class=\"col-inner\">\n<p><strong>3. CONCLUSI\u00d3N DEL CONTRATO<\/strong><\/p>\n<p>3.1 La Lista de Precios, formulada por escrito por TERAPLAST, podr\u00e1 ser revocada en cualquier momento antes de realizar el Pedido y ser\u00e1 v\u00e1lida hasta su posterior revisi\u00f3n y comunicaci\u00f3n por parte de Teraplast;<br \/>\n3.2 El contrato se considerar\u00e1 concluido cuando el Comprador reciba el CdO;<br \/>\n3.3 La lista de precios de venta deber\u00e1 recibirse por escrito firmando la misma y las CGV;<br \/>\n3.4 El Comprador ratifica la actuaci\u00f3n de todos sus empleados, colaboradores y personal involucrado en la transmisi\u00f3n y\/o negociaci\u00f3n del Pedido.<\/p>\n<\/div>\n<p>&nbsp;<\/p>\n<p>&nbsp;<\/p>\n<div class=\"col-inner\">\n<p><strong>4. ENTREGA<\/strong><\/p>\n<p>4.1 La entrega se considera realizada de conformidad con lo indicado en el CdO, interpretado seg\u00fan las Reglas Incoterms vigentes en la fecha de la firma;<br \/>\n4.2 Si el Comprador no recibe o se niega a recibir el Producto puesto a su disposici\u00f3n, sin perjuicio del derecho al pago del precio, TERAPLAST tiene derecho a depositar el Producto en s\u00ed mismo o en terceros, por cuenta y riesgo del Comprador;<br \/>\n4.3 TERAPLAST empaquetar\u00e1 el Producto que se considerar\u00e1 realizado de manera profesional una vez aceptado por el transportista;<br \/>\n4.4 El Producto debe considerarse entregado sin incluir el montaje, salvo acuerdo en contrario por escrito entre las partes.<\/p>\n<\/div>\n<p>&nbsp;<\/p>\n<p>&nbsp;<\/p>\n<div class=\"col-inner\">\n<p><strong>5. T\u00c9RMINOS<\/strong><\/p>\n<p>5.1 Los t\u00e9rminos de entrega acordados deben considerarse no esenciales a menos que se acuerde lo contrario;<br \/>\n5.2 En caso de pr\u00f3rroga del plazo de entrega, TERAPLAST comunicar\u00e1 inmediatamente el nuevo plazo al Comprador;<br \/>\n5.3 Si TERAPLAST pospusiera la entrega m\u00e1s all\u00e1 del plazo previsto a petici\u00f3n del Comprador o por motivos incluso indirectamente imputables a \u00e9l, todos los costes adicionales (por ejemplo, de almacenamiento, manipulaci\u00f3n y transporte) correr\u00e1n a cargo del Comprador;<br \/>\n5.4 Cualquier retraso en la entrega de la mercanc\u00eda no da al Comprador ning\u00fan derecho a suspender los pagos acordados y\/o solicitar compensaci\u00f3n o compensaci\u00f3n.<\/p>\n<\/div>\n<p>&nbsp;<\/p>\n<p>&nbsp;<\/p>\n<div class=\"col-inner\">\n<p><strong>6. GARANT\u00cdA<\/strong><\/p>\n<p>6.1 TERAPLAST se compromete a entregar los Productos fabricados con esmero, libres de defectos y conformes al acuerdo entre las partes y a la normativa vigente en el momento de su entrega al Comprador;<br \/>\n6.2 TERAPLAST garantiza los Productos contra defectos ocultos durante doce (12) meses a partir de la fecha de env\u00edo. Se aplican los decomisos y disposiciones establecidas en el art. 1495 c\u00f3digo civil;<br \/>\n6.3 Una vez transcurrido el per\u00edodo de garant\u00eda, no se podr\u00e1n presentar reclamaciones contra TERAPLAST en relaci\u00f3n con supuestos defectos de conformidad;<br \/>\n6.4 La garant\u00eda no cubre las piezas de los Productos sujetas a desgaste y defectos derivados de una instalaci\u00f3n y\/o uso y\/o montaje inadecuados de los propios Productos o del incumplimiento por parte del Comprador de las instrucciones de TERAPLAST, da\u00f1os resultantes de un almacenamiento incorrecto y negligente. o servicio, y, en cualquier caso, alteraciones y\/o reparaciones realizadas por terceros sin el consentimiento previo por escrito de TERAPLAST o resultantes del deterioro normal de partes de los Productos;<br \/>\n6.5 La garant\u00eda cesa si el Acel comprador no cumple con las instrucciones de uso y mantenimiento y cuando los Productos se utilizan para aplicaciones que no cumplen con su uso normal y\/o de manera diferente a las especificaciones t\u00e9cnicas;<br \/>\n6.6 La garant\u00eda cubre el costo del material para la reparaci\u00f3n o reemplazo de piezas defectuosas suministrado por TERAPLAST, el cual deber\u00e1 ser devuelto a la sede de TERAPLAST (a cargo del Comprador) para la inspecci\u00f3n necesaria;<br \/>\n6.7 El Comprador pierde el derecho de garant\u00eda en caso de uso de repuestos no originales.<\/p>\n<\/div>\n<p>&nbsp;<\/p>\n<p>&nbsp;<\/p>\n<div class=\"col-inner\">\n<p><strong>7. EJERCICIO DE LA GARANT\u00cdA, CONDICIONES<\/strong><\/p>\n<p>7.1 La comunicaci\u00f3n relativa al defecto deber\u00e1 enviarse inmediatamente por correo certificado o correo electr\u00f3nico certificado a TERAPLAST, y deber\u00e1 contener: a) todos los datos identificativos del Producto; b) fecha y n\u00famero de la factura de venta; c) fecha y n\u00famero del documento de transporte; d) detalle de los defectos encontrados; e) nombre y datos de contacto de la persona de contacto;<br \/>\n7.2 TERAPLAST se reserva el derecho de examinar la validez de la reclamaci\u00f3n y, si es infundada, podr\u00e1 cargar los costes relacionados al Comprador;<br \/>\n7.3 Si la reclamaci\u00f3n es fundada, TERAPLAST podr\u00e1, a su discreci\u00f3n y dentro de un plazo a convenir: a) tras la recogida del producto por cuenta del Comprador, sustituirlo o partes del mismo por otros conformes; o b) reparar el Producto por su cuenta;<br \/>\n7.4 El desistimiento no implica el reconocimiento de responsabilidad y\/o la existencia de defectos y\/o no conformidades reportados;<br \/>\n7.5 El Producto devuelto debe estar intacto, embalado y acompa\u00f1ado de la documentaci\u00f3n fiscal y de transporte regular;<br \/>\n7.6 El Producto sustituido ser\u00e1 entregado en el mismo lugar indicado para la entrega en el Pedido.<\/p>\n<\/div>\n<p>&nbsp;<\/p>\n<p>&nbsp;<\/p>\n<div class=\"col-inner\">\n<p><strong>8. PRECIO, PAGO Y CL\u00c1USULA SOLVE ET REPETE<\/strong><\/p>\n<p>8.1 El Precio al que se refieren las partes es el expresamente indicado en el CdO o en la factura de venta enviada por TERAPLAST al Comprador;<br \/>\n8.2 El pago del precio debe realizarse de acuerdo con los t\u00e9rminos y m\u00e9todos indicados en el CdO o en la factura de venta y, salvo que se indique lo contrario, debe considerarse franco f\u00e1brica;<br \/>\n8.3 El pago realizado mediante la emisi\u00f3n de letras de cambio deber\u00e1 considerarse aceptado por TERAPLAST \u00fanicamente con recurso y, en cualquier caso, la emisi\u00f3n de dichas letras no constituir\u00e1 una novaci\u00f3n de la relaci\u00f3n contractual. Los gastos de cobro de los valores mencionados correr\u00e1n a cargo del comprador;<br \/>\n8.4 El pago se considera liberador s\u00f3lo si se realiza directamente a TERAPLAST y es aceptado por \u00e9sta y, en cualquier caso, en la moneda y en las formas indicadas en el CdO y\/o en la factura de venta;<br \/>\n8.5 En caso de que el Comprador no pague en la fecha acordada, TERAPLAST tendr\u00e1 derecho a intereses seg\u00fan lo previsto para la fecha de inicio y la tasa por el Decreto Legislativo 231\/02, sin perjuicio en ning\u00fan caso de da\u00f1os mayores;<br \/>\n8.6 Las quejas o disputas de cualquier tipo no dan derecho en ning\u00fan caso al Comprador a retrasar o suspender los pagos, que deber\u00e1n realizarse seg\u00fan los plazos acordados, aunque con reserva de derechos del Comprador;<br \/>\n8.7 El Precio podr\u00e1 ser modificado a exclusivo criterio de TERAPLAST si surgen circunstancias excepcionales que no est\u00e1n determinadas por la voluntad del mismo tales como interferencias gubernamentales, variaciones en el costo de las materias primas superiores al 5% o condiciones que determinen una onerosidad excesiva. de la venta del Producto.<\/p>\n<\/div>\n<p>&nbsp;<\/p>\n<p>&nbsp;<\/p>\n<div class=\"col-inner\">\n<p><strong>9. OBLIGACIONES DE CONFIDENCIALIDAD, KNOW-HOW Y DERECHOS DE PROPIEDAD INTELECTUAL<\/strong><\/p>\n<p>9.1 El Comprador no revelar\u00e1, divulgar\u00e1, utilizar\u00e1 o imitar\u00e1 de ninguna manera los conocimientos, incluidos los t\u00e9cnicos, de dise\u00f1o y comerciales, propiedad de TERAPLAST, as\u00ed como las experiencias, dispositivos, conocimientos, invenciones, dibujos, documentos t\u00e9cnicos y cualquier otra informaci\u00f3n. punto puesto a disposici\u00f3n en el contexto corporativo de TERAPLAST y en las relaciones con terceros, de los cuales tendr\u00e1 conocimiento durante la negociaci\u00f3n o ejecuci\u00f3n del contrato;<br \/>\n9.2 La informaci\u00f3n definida anteriormente debe considerarse confidencial y no puede ser utilizada directa ni indirectamente por el Comprador excepto en la medida necesaria para la correcta ejecuci\u00f3n del contrato. Por lo tanto, el Comprador se compromete a tomar todas las precauciones razonables para mantener dicha informaci\u00f3n en secreto, comunic\u00e1ndola \u00fanicamente a sus empleados, colaboradores o eventuales consultores, quienes necesariamente deben conocerla para la ejecuci\u00f3n del contrato, oblig\u00e1ndolos al cumplimiento de los t\u00e9rminos y condiciones de Este art\u00edculo ;<br \/>\n9.3 El Comprador reconoce a TERAPLAST la plena propiedad de las patentes, marcas y cualesquiera otros derechos de propiedad industrial y know-how de estos \u00faltimos, est\u00e9n o no registrados;<br \/>\n9.4 El Comprador est\u00e1 obligado a comunicar a TERAPLAST sin demora cualquier noticia o hecho que pueda ser relevante a los efectos de proteger los derechos de patentes, derechos de marcas, modelos y dise\u00f1os y know-how;<br \/>\n9.5 Todos los costos, da\u00f1os, gastos yLas p\u00e9rdidas sufridas por TERAPLAST debido a la infracci\u00f3n de derechos de patente y\/o marca o sobre modelos y dise\u00f1os o debido a la divulgaci\u00f3n o uso indebido del know-how atribuible al Comprador corren a cargo de este \u00faltimo.<\/p>\n<\/div>\n<p>&nbsp;<\/p>\n<p>&nbsp;<\/p>\n<div class=\"col-inner\">\n<p><strong>10. LIMITACI\u00d3N DE RESPONSABILIDAD<\/strong><\/p>\n<p>10.1 TERAPLAST es responsable de los da\u00f1os a los bienes propiedad del Comprador s\u00f3lo despu\u00e9s de comprobar que dichos da\u00f1os fueron causados \u200b\u200bpor negligencia grave de TERAPLAST o sus empleados;<br \/>\n10.2 La responsabilidad de TERAPLAST por fallas o defectos en el Producto no puede exceder el valor del Producto en s\u00ed;<br \/>\n10.3 La responsabilidad de TERAPLAST por los da\u00f1os resultantes a las personas por accidentes de cualquier naturaleza causados \u200b\u200bpor el Producto defectuoso ser\u00e1 \u00fanicamente la que deriva obligatoriamente de la ley;<br \/>\n10.4 Cualquier retraso en la entrega no podr\u00e1 dar lugar a penalizaciones, ni a indemnizaci\u00f3n por da\u00f1os y perjuicios, ni a intereses, ni a la resoluci\u00f3n, incluso parcial, del Contrato a cargo de TERAPLAST.<\/p>\n<\/div>\n<p>&nbsp;<\/p>\n<p>&nbsp;<\/p>\n<div class=\"col-inner\">\n<p><strong>11. TERMINACI\u00d3N, CL\u00c1USULA DE TERMINACI\u00d3N EXPRESA, DEP\u00d3SITO CONFIRMATORIO, CL\u00c1USULA DE PENALIDAD<\/strong><\/p>\n<p>11.1 En caso de que el Comprador se encuentre sometido a un procedimiento de insolvencia, TERAPLAST podr\u00e1 resolver el presente contrato mediante comunicaci\u00f3n escrita al Comprador;<br \/>\n11.2 En caso de pago fraccionado, sin perjuicio de la aplicaci\u00f3n del art. 1525 del C\u00f3digo Civil, la falta de pago de una sola cuota hace perder al Comprador el beneficio del plazo y legitima a TERAPLAST para exigir el pago de la totalidad del cr\u00e9dito, as\u00ed como del correspondiente a los suministros y\/o pedidos a\u00fan en curso, y legitima a TERAPLAST, a su elecci\u00f3n, para suspender la ejecuci\u00f3n del presente Contrato hasta el pago \u00edntegro del precio o para resolverlo mediante comunicaci\u00f3n escrita de conformidad con el art. 1456 cc con efecto inmediato, sin que el Comprador pueda realizar solicitudes de compensaci\u00f3n o compensaci\u00f3n de ning\u00fan tipo, sin perjuicio de todos y cada uno de los derechos de TERAPLAST de obtener compensaci\u00f3n del Comprador por cualquier da\u00f1o, costos y gastos incurridos;<br \/>\n11.3 La terminaci\u00f3n del contrato por cualquier motivo no afecta los derechos adquiridos por TERAPLAST hasta el momento de la terminaci\u00f3n;<br \/>\n11.4 Las sumas pagadas en concepto de anticipo o dep\u00f3sito por parte del Comprador se cargar\u00e1n como dep\u00f3sito de confirmaci\u00f3n de conformidad con y para los fines del art. 1385 del C\u00f3digo Civil, con derecho de TERAPLAST a ejercer el desistimiento en caso de incumplimiento por parte del Comprador;<br \/>\n11.5 En caso de desistimiento, el Producto deber\u00e1 ser devuelto inmediatamente a TERAPLAST, en su sede o en otro lugar indicado por \u00e9sta, reserv\u00e1ndose TERAPLAST el derecho de gestionar el transporte directamente o a trav\u00e9s de terceros de confianza, por cuenta y riesgo del Comprador;<br \/>\n11.6 En caso de impago o retraso en el pago, sin perjuicio de la aplicaci\u00f3n del art. 1525 del C\u00f3digo Civil, TERAPLAST se reserva el derecho de resolver el contrato mediante comunicaci\u00f3n escrita al Comprador, sin necesidad de notificaci\u00f3n formal;<br \/>\n11.7 En caso de desistimiento o rescisi\u00f3n, TERAPLAST retendr\u00e1 las cuotas pagadas como penalizaci\u00f3n de conformidad con el art. 1382 del C\u00f3digo Civil, sin perjuicio de la posibilidad de resarcir un da\u00f1o mayor.<\/p>\n<\/div>\n<p>&nbsp;<\/p>\n<p>&nbsp;<\/p>\n<div class=\"col-inner\">\n<p><strong>12. TRIBUNAL COMPETENTE<\/strong><\/p>\n<p>12.1 Todas las disputas relacionadas con la interpretaci\u00f3n o ejecuci\u00f3n, validez y terminaci\u00f3n del Contrato firmado entre TERAPLAST y el Comprador se remiten a la jurisdicci\u00f3n exclusiva de la Autoridad Judicial italiana del Tribunal de Vicenza.<\/p>\n<\/div>\n<p>&nbsp;<\/p>\n<p>&nbsp;<\/p>\n<div class=\"col-inner\">\n<p><strong>13. LEY APLICABLE<\/strong><\/p>\n<p>13.1 El Contrato se rige por la ley italiana.<\/p>\n<\/div>\n<p>&nbsp;<\/p>\n<p>&nbsp;<\/p>\n<div class=\"col-inner\">\n<p><strong>14. IDIOMA<\/strong><\/p>\n<p>14.1 La versi\u00f3n original de estas CGV est\u00e1 en italiano;<br \/>\n14.2 Todas las comunicaciones enviadas a TERAPLAST, para ser consideradas efectivas, deben realizarse en italiano, a menos que se establezca expresamente por escrito la no aplicaci\u00f3n de esta cl\u00e1usula.<\/p>\n<\/div>\n<p>&nbsp;<\/p>\n<p>&nbsp;<\/p>\n<div class=\"col-inner\">\n<p><strong>15. TRATAMIENTO DE DATOS PERSONALES<\/strong><\/p>\n<p><strong>TERAPLAST<\/strong> (Responsable del tratamiento) recopilar\u00e1 y procesar\u00e1 los datos personales proporcionados por los Clientes en pleno cumplimiento de las disposiciones dictadas por el Reglamento UE n. 679\/2016 (GDPR) y la legislaci\u00f3n nacional de desarrollo sobre el tratamiento de datos personales y exclusivamente para fines contractuales, comerciales y en cumplimiento de obligaciones legales. Para m\u00e1s informaci\u00f3n puede leer la informaci\u00f3n ampliada en el enlace: https:\/\/www.teraitaly.com\/es\/privacy-policy\/<\/p>\n<\/div>\n<p>&nbsp;<\/p>\n<p>&nbsp;<\/p>\n<div class=\"col-inner\">\n<p><strong>16. OBLIGACI\u00d3N DE CUMPLIR CON EL MODELO ORGANIZATIVO EX DECRETO LEGISLATIVO N. 231\/01 Y EL C\u00d3DIGO DE \u00c9TICA. CL\u00c1USULA DE RESOLUCI\u00d3N<\/strong><\/p>\n<p>Teraplast ha adoptado e implementa un Modelo de Organizaci\u00f3n, Gesti\u00f3n y Control de conformidad con el Decreto Legislativo n. 231\/01, con el C\u00f3digo de \u00c9tica relacionado, disponible en el sitio web de la empresa.<br \/>\nLa relaci\u00f3n con nuestros clientes y proveedores se basa en el cumplimiento del modelo de organizaci\u00f3n, gesti\u00f3n y control as\u00ed como de los principios del C\u00f3digo \u00c9tico. Las disposiciones del C\u00f3digo de \u00c9tica y, en la medida compatible, de MEl modelo tambi\u00e9n se aplica a terceros.<br \/>\nSi el proveedor, el cliente o cualquiera de sus colaboradores violan los preceptos mencionados en el punto anterior, as\u00ed como en caso de comisi\u00f3n de los delitos determinantes del Decreto Legislativo 231\/2001, nuestra organizaci\u00f3n podr\u00e1 resolver el presente contrato enviando comunicaci\u00f3n v\u00eda recomendado a\/R. o PEC.<br \/>\nLa terminaci\u00f3n surtir\u00e1 efectos inmediatamente a partir de la fecha de recepci\u00f3n de la comunicaci\u00f3n. Nuestra organizaci\u00f3n tambi\u00e9n podr\u00e1 emprender acciones de indemnizaci\u00f3n por cualquier da\u00f1o sufrido o por sufrir.\u00bb<\/p>\n<\/div>\n<p>&nbsp;<\/p>\n<p>&nbsp;<\/p>\n<div class=\"col-inner\">\n<p><strong>17. CL\u00c1USULA FINAL<\/strong><\/p>\n<p>17.1 Las CGV reemplazan y prevalecen sobre cualquier acuerdo previamente celebrado entre TERAPLAST y el Comprador;<br \/>\n17.2 En el caso de que una sola norma de las presentes CGV sea nula y\/o inv\u00e1lida, el contrato quedar\u00e1 v\u00e1lidamente regido por las restantes normas.<\/p>\n<p>&nbsp;<\/p>\n<\/div>\n","protected":false},"excerpt":{"rendered":"<p>1. DEFINICIONES 1.1 De conformidad con las presentes condiciones generales de venta, se entender\u00e1 por: \u2013 \u201cTERAPLAST\u201d: Teraplast S.p.A., con domicilio social en Castelgomberto (VI), Via del Progresso, n. 65, CIF y C.F. 02892400249; \u2013 \u201cComprador\u201d: la persona f\u00edsica o jur\u00eddica que adquiere los Productos de TERAPLAST; \u2013 \u201cContrato\u201d: el acuerdo entre las partes relativo [&hellip;]<\/p>\n","protected":false},"author":2,"featured_media":0,"parent":0,"menu_order":0,"comment_status":"closed","ping_status":"closed","template":"","meta":{"inline_featured_image":false,"footnotes":""},"class_list":["post-26374","page","type-page","status-publish","hentry"],"acf":[],"_links":{"self":[{"href":"https:\/\/www.teraitaly.com\/es\/wp-json\/wp\/v2\/pages\/26374","targetHints":{"allow":["GET"]}}],"collection":[{"href":"https:\/\/www.teraitaly.com\/es\/wp-json\/wp\/v2\/pages"}],"about":[{"href":"https:\/\/www.teraitaly.com\/es\/wp-json\/wp\/v2\/types\/page"}],"author":[{"embeddable":true,"href":"https:\/\/www.teraitaly.com\/es\/wp-json\/wp\/v2\/users\/2"}],"replies":[{"embeddable":true,"href":"https:\/\/www.teraitaly.com\/es\/wp-json\/wp\/v2\/comments?post=26374"}],"version-history":[{"count":4,"href":"https:\/\/www.teraitaly.com\/es\/wp-json\/wp\/v2\/pages\/26374\/revisions"}],"predecessor-version":[{"id":26928,"href":"https:\/\/www.teraitaly.com\/es\/wp-json\/wp\/v2\/pages\/26374\/revisions\/26928"}],"wp:attachment":[{"href":"https:\/\/www.teraitaly.com\/es\/wp-json\/wp\/v2\/media?parent=26374"}],"curies":[{"name":"wp","href":"https:\/\/api.w.org\/{rel}","templated":true}]}}