{"id":26398,"date":"2024-06-06T14:31:47","date_gmt":"2024-06-06T12:31:47","guid":{"rendered":"https:\/\/www.teraitaly.com\/whistleblowing\/"},"modified":"2024-07-24T16:22:18","modified_gmt":"2024-07-24T14:22:18","slug":"whistleblowing","status":"publish","type":"page","link":"https:\/\/www.teraitaly.com\/de\/whistleblowing\/","title":{"rendered":"Whistleblowing"},"content":{"rendered":"<div class=\"col-inner\">\n<p>Mit Gesetzesdekret Nr. Mit Beschluss Nr. 24 vom 10. M\u00e4rz 2023 wurde die Richtlinie (EU) 2019\/1937 zum Schutz von Personen, die Verst\u00f6\u00dfe gegen das Unionsrecht melden (die sogenannte Whistleblowing-Richtlinie), in unser Rechtssystem umgesetzt.<br \/>\nZur Umsetzung der durch das Gesetzesdekret eingef\u00fchrten Bestimmungen. Mit der Verordnung Nr. 24\/2023 wurde ein Verfahren verabschiedet, das klare operative Hinweise zum Thema, zu den Empf\u00e4ngern, zu den Methoden der \u00dcbermittlung und Verwaltung von Meldungen \u00fcber \u201eVerst\u00f6\u00dfe\u201c sowie zu den vorgesehenen Schutzma\u00dfnahmen gibt.<\/p>\n<\/div>\n<p>&nbsp;<\/p>\n<div class=\"col-12 d-flex justify-content-center\" style=\"gap: 20px;\"><a class=\"btn-default\" href=\"https:\/\/teraplast.wb.teseoerm.com\/ #\/\" target=\"_blank\" rel=\"noopener\">Whistleblowing-Plattform<\/a> <a class=\"btn-default\" href=\"http:\/\/tera.nooostaging.com\/wp-content\/uploads\/2024\/06\/whistleblowing.pdf\" target=\"_blank\" rel=\"noopener\">Informationen<\/ a><\/div>\n","protected":false},"excerpt":{"rendered":"<p>Mit Gesetzesdekret Nr. Mit Beschluss Nr. 24 vom 10. M\u00e4rz 2023 wurde die Richtlinie (EU) 2019\/1937 zum Schutz von Personen, die Verst\u00f6\u00dfe gegen das Unionsrecht melden (die sogenannte Whistleblowing-Richtlinie), in unser Rechtssystem umgesetzt. Zur Umsetzung der durch das Gesetzesdekret eingef\u00fchrten Bestimmungen. Mit der Verordnung Nr. 24\/2023 wurde ein Verfahren verabschiedet, das klare operative Hinweise zum [&hellip;]<\/p>\n","protected":false},"author":2,"featured_media":0,"parent":0,"menu_order":0,"comment_status":"closed","ping_status":"closed","template":"","meta":{"inline_featured_image":false,"footnotes":""},"class_list":["post-26398","page","type-page","status-publish","hentry"],"acf":[],"_links":{"self":[{"href":"https:\/\/www.teraitaly.com\/de\/wp-json\/wp\/v2\/pages\/26398","targetHints":{"allow":["GET"]}}],"collection":[{"href":"https:\/\/www.teraitaly.com\/de\/wp-json\/wp\/v2\/pages"}],"about":[{"href":"https:\/\/www.teraitaly.com\/de\/wp-json\/wp\/v2\/types\/page"}],"author":[{"embeddable":true,"href":"https:\/\/www.teraitaly.com\/de\/wp-json\/wp\/v2\/users\/2"}],"replies":[{"embeddable":true,"href":"https:\/\/www.teraitaly.com\/de\/wp-json\/wp\/v2\/comments?post=26398"}],"version-history":[{"count":1,"href":"https:\/\/www.teraitaly.com\/de\/wp-json\/wp\/v2\/pages\/26398\/revisions"}],"predecessor-version":[{"id":26401,"href":"https:\/\/www.teraitaly.com\/de\/wp-json\/wp\/v2\/pages\/26398\/revisions\/26401"}],"wp:attachment":[{"href":"https:\/\/www.teraitaly.com\/de\/wp-json\/wp\/v2\/media?parent=26398"}],"curies":[{"name":"wp","href":"https:\/\/api.w.org\/{rel}","templated":true}]}}