{"id":26390,"date":"2023-11-30T10:17:58","date_gmt":"2023-11-30T09:17:58","guid":{"rendered":"https:\/\/www.teraitaly.com\/privacy-policy\/"},"modified":"2024-07-24T16:21:01","modified_gmt":"2024-07-24T14:21:01","slug":"privacy-policy","status":"publish","type":"page","link":"https:\/\/www.teraitaly.com\/de\/privacy-policy\/","title":{"rendered":"Privacy Policy"},"content":{"rendered":"<div class=\"col-inner\">\n<p><strong>Informationen gem\u00e4\u00df Art. 13 der Europ\u00e4ischen Verordnung 679\/2016<\/strong><\/p>\n<p>Gem\u00e4\u00df Art. 13 der Europ\u00e4ischen Verordnung (EU) 2016\/679 (im Folgenden DSGVO) und in Bezug auf die personenbezogenen Daten von denen TERAPLAST SPA, in Person des gesetzlichen Vertreters Pro tempore, mit Sitz in Via Del Progresso, Nr. 65 \u2013 36070 \u2013 Castelgomberto (VI) \u2013 Umsatzsteuer-Identifikationsnummer: 02892400249 Die von Ihnen bereitgestellten personenbezogenen Daten werden im Rahmen der Ausf\u00fchrung eines Vertrags, dessen Vertragspartei Sie sind, oder bei der Durchf\u00fchrung vorvertraglicher Ma\u00dfnahmen auf Ihren Wunsch hin nicht zur Verf\u00fcgung gestellt. Wir informieren Sie \u00fcber Folgendes :<\/p>\n<p>&nbsp;<\/p>\n<ol>\n<li><strong>Datenverantwortlicher und Verantwortlicher f\u00fcr den Schutz personenbezogener Daten<\/strong><\/li>\n<\/ol>\n<p>Der Datenverantwortliche ist TERAPLAST SPA (im Folgenden auch \u201eDATENVERANTWORTLICHER\u201c genannt) in Person des gesetzlichen Vertreters pro tempore, mit Sitz in Via Del Progresso, n 65 \u2013 36070 \u2013 Castelgomberto (VI) \u2013 Umsatzsteuer-Identifikationsnummer: 02892400249. DIE Daten Der Verantwortliche kann f\u00fcr jegliche Kommunikation zum Datenschutz unter der folgenden E-Mail-Adresse kontaktiert werden: info@teraplast.com.<\/p>\n<p>&nbsp;<\/p>\n<ol start=\"2\">\n<li><strong>Zweck der Datenverarbeitung und Rechtsgrundlage der Verarbeitung<\/strong><\/li>\n<\/ol>\n<p>Der Verantwortliche verarbeitet die personenbezogenen Daten von nat\u00fcrlichen Personen, juristischen Personen, Einzelunternehmen und\/oder Freiberuflern (\u201ebetroffene Personen\u201c) zu folgenden Zwecken:<\/p>\n<ol>\n<li>Sie m\u00fcssen einen Vertrag ausf\u00fchren, dessen Vertragspartei der Interessent ist, oder auf dessen Wunsch vorvertragliche Ma\u00dfnahmen durchf\u00fchren. Diese Notwendigkeit stellt die Rechtsgrundlage dar, die die daraus resultierende Verarbeitung legitimiert. Die Bereitstellung der hierf\u00fcr erforderlichen Daten stellt je nach Fall eine vertragliche Verpflichtung oder eine f\u00fcr den Vertragsabschluss erforderliche Anforderung dar; Ohne sie w\u00e4re der Eigent\u00fcmer nicht in der Lage, die Beziehung aufzubauen oder auszuf\u00fchren;<\/li>\n<li>Sie m\u00fcssen rechtliche Verpflichtungen erf\u00fcllen (z. B. Verpflichtungen aus der Gesetzgebung zur Bek\u00e4mpfung der Geldw\u00e4sche, Bestimmungen von Aufsichtsbeh\u00f6rden, der Justiz usw.). Diese Notwendigkeit stellt die Rechtsgrundlage dar, die die daraus resultierende Verarbeitung legitimiert. Die Bereitstellung der hierf\u00fcr erforderlichen Daten stellt eine gesetzliche Verpflichtung dar; Ohne sie w\u00e4re der Eigent\u00fcmer nicht in der Lage, Beziehungen aufzubauen, und w\u00e4re m\u00f6glicherweise zur Meldung verpflichtet;<\/li>\n<li>Sie m\u00fcssen Verarbeitungst\u00e4tigkeiten an Kunststoffen und verschiedenen Materialien durchf\u00fchren, einschlie\u00dflich der Gestaltung und Herstellung von Formen, der Endmontage mehrerer Teile und der Herstellung ma\u00dfgeschneiderter Verpackungen. Diese Notwendigkeit stellt die Rechtsgrundlage dar, die die nachfolgende Verarbeitung rechtfertigt. Die Bereitstellung der f\u00fcr diese Zwecke erforderlichen Daten stellt je nach Fall eine vertragliche Verpflichtung oder eine f\u00fcr den Vertragsabschluss erforderliche Anforderung dar; Ohne sie w\u00e4re der Eigent\u00fcmer nicht in der Lage, die Beziehung aufzubauen oder auszuf\u00fchren;<\/li>\n<li>Versand spezieller kommerzieller Mitteilungen, einschlie\u00dflich des Versendens von Newslettern, Textnachrichten, E-Mails und Telefonanrufen, Durchf\u00fchrung von Werbe-, Marketing- und Verkaufsaktivit\u00e4ten f\u00fcr \u201espezielle\u201c Produkte und Dienstleistungen des Eigent\u00fcmers oder von Drittunternehmen, die ausdr\u00fccklich identifiziert werden durch die Verarbeitung und Analyse, auch durch den Einsatz automatisierter Techniken oder Systeme, von Informationen in Bezug auf Vorlieben, Gewohnheiten und Konsumentscheidungen, mit dem Ziel, Interessenten auf der Grundlage spezifischer Verhaltensweisen oder Merkmale (Kundenprofilierung) in homogene Gruppen aufzuteilen, die ebenfalls durch die Anreicherung umgesetzt werden der Daten mit von Dritten gewonnenen Informationen (Anreicherung). Die Rechtsgrundlage, die die daraus resultierende Verarbeitung legitimiert, ist die Einwilligung des Betroffenen, die er frei geben kann oder nicht und die er in jedem Fall jederzeit widerrufen kann. Die Bereitstellung der f\u00fcr diese Zwecke erforderlichen Daten ist nicht obligatorisch und die Verweigerung der Bereitstellung hat keine negativen Folgen, mit Ausnahme der Unm\u00f6glichkeit, spezielle kommerzielle Mitteilungen zu erhalten.<\/li>\n<\/ol>\n<p>Personenbezogene Daten k\u00f6nnen sowohl in Papier- als auch in Computerarchiven (einschlie\u00dflich tragbaren Ger\u00e4ten) verarbeitet und auf eine Weise verarbeitet werden, die zur Erf\u00fcllung der oben genannten Zwecke unbedingt erforderlich ist.<\/p>\n<p>&nbsp;<\/p>\n<ol start=\"3\">\n<li><strong>Folgen der Nichtbereitstellung personenbezogener Daten<\/strong><\/li>\n<\/ol>\n<p>In Bezug auf personenbezogene Daten im Zusammenhang mit der Ausf\u00fchrung der oben genannten Punkte a, b, c, deren Vertragspartei Sie sind, oder im Zusammenhang mit der Erf\u00fcllung einer gesetzlichen Verpflichtung (z. B. Verpflichtungen im Zusammenhang mit der F\u00fchrung von Buchhaltungs- und Steuerunterlagen), Die Nicht\u00fcbermittlung personenbezogener Daten verhindert die Abwicklung des Vertragsverh\u00e4ltnisses selbst und\/oder in jedem Fall die M\u00f6glichkeit zur Durchf\u00fchrung und Durchf\u00fchrung bestehender kommerzieller und vertraglicher Kooperationsaktivit\u00e4ten sowie die Erf\u00fcllung der vertraglichen Verpflichtungen aus den Punkten a, b, c selbst. Im Hinblick auf personenbezogene Datendie Bereitstellung der f\u00fcr diese Zwecke erforderlichen Daten ist nicht obligatorisch und die Verweigerung der Bereitstellung hat keine negativen Folgen, mit Ausnahme der Unm\u00f6glichkeit, spezielle kommerzielle Mitteilungen zu erhalten<\/p>\n<p>&nbsp;<\/p>\n<ol start=\"4\">\n<li><strong>Datenspeicherung<\/strong><\/li>\n<\/ol>\n<p>Ihre personenbezogenen Daten werden, vorbehaltlich der Verarbeitung zu den oben genannten Zwecken, f\u00fcr die Dauer des Vertrags und anschlie\u00dfend f\u00fcr den Zeitraum aufbewahrt, in dem der Datenverantwortliche einer Aufbewahrungspflicht f\u00fcr steuerliche Zwecke oder f\u00fcr andere von uns vorgesehene Zwecke unterliegt Gesetz oder Verordnung.<\/p>\n<p>&nbsp;<\/p>\n<ol start=\"5\">\n<li><strong>Datenkommunikation<\/strong><\/li>\n<\/ol>\n<p>Ihre personenbezogenen Daten k\u00f6nnen weitergegeben werden an:<\/p>\n<p>a) Berater und Buchhalter oder Rechtsanw\u00e4lte, die funktionale Dienstleistungen f\u00fcr die oben genannten Zwecke erbringen;<br \/>\nb) Bank- und Versicherungsinstitute, die funktionale Dienstleistungen f\u00fcr die oben genannten Zwecke erbringen;<br \/>\nc) Personen, die Daten im Einklang mit bestimmten gesetzlichen Verpflichtungen verarbeiten;<br \/>\nd) Justiz- oder Verwaltungsbeh\u00f6rden zur Erf\u00fcllung gesetzlicher Verpflichtungen;<\/p>\n<p>&nbsp;<\/p>\n<ol start=\"6\">\n<li><strong>Datenprofilierung und -verbreitung<\/strong><\/li>\n<\/ol>\n<p>Ihre personenbezogenen Daten unterliegen keiner Weitergabe oder einem vollautomatisierten Entscheidungsprozess, einschlie\u00dflich Profiling.<\/p>\n<p>&nbsp;<\/p>\n<ol start=\"7\">\n<li><strong>Rechte des Interessenten<\/strong><\/li>\n<\/ol>\n<p>Zu den Ihnen durch die DSGVO zuerkannten Rechten geh\u00f6ren:<\/p>\n<ul>\n<li>den Datenverantwortlichen um Zugang zu Ihren personenbezogenen Daten und den damit verbundenen Informationen bitten; die Berichtigung unrichtiger Daten oder die Erg\u00e4nzung unvollst\u00e4ndiger Daten; die L\u00f6schung der Sie betreffenden personenbezogenen Daten (bei Eintritt einer der in Art. 17 Abs. 1 DSGVO genannten Bedingungen und unter Einhaltung der in Abs. 3 desselben Artikels vorgesehenen Ausnahmen); die Einschr\u00e4nkung der Verarbeitung Ihrer personenbezogenen Daten (im Falle einer der in Art. 18 Abs. 1 DSGVO genannten F\u00e4lle);<\/li>\n<li>anfordern und erhalten Sie vom Datenverantwortlichen \u2013 in den F\u00e4llen, in denen die Rechtsgrundlage der Verarbeitung ein Vertrag oder eine Einwilligung ist und diese mit automatisierten Mitteln erfolgt \u2013 Ihre personenbezogenen Daten in einem strukturierten und lesbaren Format durch ein automatisches Ger\u00e4t , auch wenn diese Daten einem anderen Datenverantwortlichen mitgeteilt werden (sog. Recht auf \u00dcbertragbarkeit personenbezogener Daten);<\/li>\n<li>Sie k\u00f6nnen der Verarbeitung Ihrer personenbezogenen Daten jederzeit widersprechen, wenn besondere Sie betreffende Situationen vorliegen.<\/li>\n<li>Einwilligung jederzeit widerrufen, beschr\u00e4nkt auf F\u00e4lle, in denen die Verarbeitung auf Ihrer Einwilligung f\u00fcr einen oder mehrere bestimmte Zwecke basiert und allgemeine personenbezogene Daten (z. B. Geburtsdatum und -ort oder Wohnort) oder bestimmte Kategorien betrifft Daten (zum Beispiel Daten, die Ihre rassische Herkunft, Ihre politischen Ansichten, Ihre religi\u00f6sen \u00dcberzeugungen, Ihre Gesundheit oder Ihr Sexualleben offenbaren). Eine Verarbeitung, die auf einer Einwilligung beruht und vor deren Widerruf erfolgt, beh\u00e4lt jedoch ihre Rechtm\u00e4\u00dfigkeit;<\/li>\n<li>eine Beschwerde bei einer Aufsichtsbeh\u00f6rde einreichen (Beh\u00f6rde zum Schutz personenbezogener Daten \u2013 <a href=\"http:\/\/www.garanteprivacy.it\" target=\"_blank\" rel=\"noopener\">garanteprivacy.it<\/a>).<\/li>\n<\/ul>\n<p>&nbsp;<\/p>\n<\/div>\n","protected":false},"excerpt":{"rendered":"<p>Informationen gem\u00e4\u00df Art. 13 der Europ\u00e4ischen Verordnung 679\/2016 Gem\u00e4\u00df Art. 13 der Europ\u00e4ischen Verordnung (EU) 2016\/679 (im Folgenden DSGVO) und in Bezug auf die personenbezogenen Daten von denen TERAPLAST SPA, in Person des gesetzlichen Vertreters Pro tempore, mit Sitz in Via Del Progresso, Nr. 65 \u2013 36070 \u2013 Castelgomberto (VI) \u2013 Umsatzsteuer-Identifikationsnummer: 02892400249 Die von [&hellip;]<\/p>\n","protected":false},"author":2,"featured_media":0,"parent":0,"menu_order":0,"comment_status":"closed","ping_status":"closed","template":"","meta":{"inline_featured_image":false,"footnotes":""},"class_list":["post-26390","page","type-page","status-publish","hentry"],"acf":[],"_links":{"self":[{"href":"https:\/\/www.teraitaly.com\/de\/wp-json\/wp\/v2\/pages\/26390","targetHints":{"allow":["GET"]}}],"collection":[{"href":"https:\/\/www.teraitaly.com\/de\/wp-json\/wp\/v2\/pages"}],"about":[{"href":"https:\/\/www.teraitaly.com\/de\/wp-json\/wp\/v2\/types\/page"}],"author":[{"embeddable":true,"href":"https:\/\/www.teraitaly.com\/de\/wp-json\/wp\/v2\/users\/2"}],"replies":[{"embeddable":true,"href":"https:\/\/www.teraitaly.com\/de\/wp-json\/wp\/v2\/comments?post=26390"}],"version-history":[{"count":1,"href":"https:\/\/www.teraitaly.com\/de\/wp-json\/wp\/v2\/pages\/26390\/revisions"}],"predecessor-version":[{"id":26394,"href":"https:\/\/www.teraitaly.com\/de\/wp-json\/wp\/v2\/pages\/26390\/revisions\/26394"}],"wp:attachment":[{"href":"https:\/\/www.teraitaly.com\/de\/wp-json\/wp\/v2\/media?parent=26390"}],"curies":[{"name":"wp","href":"https:\/\/api.w.org\/{rel}","templated":true}]}}