{"id":26382,"date":"2023-11-30T10:18:14","date_gmt":"2023-11-30T09:18:14","guid":{"rendered":"https:\/\/www.teraitaly.com\/cookie-policy\/"},"modified":"2024-07-24T16:18:49","modified_gmt":"2024-07-24T14:18:49","slug":"cookie-policy","status":"publish","type":"page","link":"https:\/\/www.teraitaly.com\/de\/cookie-policy\/","title":{"rendered":"Cookie Policy"},"content":{"rendered":"<div class=\"col-inner\">\n<p>(Informationen gem\u00e4\u00df der Garantenbestimmung zum Schutz personenbezogener Daten vom 8.5.2014 Nr. 229)<br \/>\n&nbsp;<br \/>\nJa, bitte beachten Sie, dass diese Website Cookies verwendet, um ihre Dienste so effizient und benutzerfreundlich wie m\u00f6glich zu gestalten. Diese Website verwendet technische Cookies, die ohne Zustimmung des Benutzers verwendet werden k\u00f6nnen, da sie f\u00fcr die Bereitstellung des Dienstes unbedingt erforderlich sind, sowie analytische Cookies von Drittanbietern, die vom Google Analytics-Dienst bereitgestellt werden.<br \/>\n&nbsp;<br \/>\nDurch die Nutzung dieser Website erkl\u00e4ren Sie, dass Sie die Verwendung von Cookies gem\u00e4\u00df den in diesem Dokument dargelegten Nutzungsbedingungen f\u00fcr Cookies akzeptieren und ihr zustimmen.<br \/>\n&nbsp;<br \/>\n&nbsp;<br \/>\n<strong>Was sind Cookies?<\/strong><br \/>\n&nbsp;<br \/>\nCookies sind kleine Textzeichenfolgen, die die vom Benutzer besuchte Website an seinen Browser oder sein Mobilger\u00e4t sendet. Dabei werden Cookies gespeichert und beim n\u00e4chsten Besuch des Nutzers wieder an die Seite \u00fcbermittelt. Durch das Surfen auf der Website kann der Benutzer auch Cookies erhalten, die von verschiedenen Websites oder Webservern (sogenannten \u201eDritten\u201c) gesendet werden und auf denen sich einige Elemente befinden k\u00f6nnen (z. B. Bilder, Karten, T\u00f6ne, bestimmte Links zu Seiten anderer Domains), die auf der Website vorhanden sind, die der Benutzer besucht<br \/>\n&nbsp;<br \/>\n&nbsp;<br \/>\n<strong>Arten von Cookies<\/strong><br \/>\n&nbsp;<br \/>\nCookies k\u00f6nnen in die folgenden Kategorien unterteilt werden:<br \/>\n&nbsp;<br \/>\n&nbsp;<br \/>\n<strong>Technische Cookies<\/strong><br \/>\n&nbsp;<br \/>\nTechnische Cookies werden ausschlie\u00dflich dazu verwendet, eine korrekte Navigation und Nutzung der Website zu erm\u00f6glichen. Ohne diese Cookies funktionieren die Website oder einige Teile davon m\u00f6glicherweise nicht ordnungsgem\u00e4\u00df. Daher werden sie immer verwendet, unabh\u00e4ngig von den Benutzerpr\u00e4ferenzen. Zu den Cookies dieser Kategorie z\u00e4hlen sowohl dauerhafte Cookies als auch Sitzungscookies.<br \/>\n&nbsp;<br \/>\nTechnische Cookies k\u00f6nnen unterteilt werden in:<br \/>\n&nbsp;<\/p>\n<ul>\n<li>\u2013 Browser- und Sitzungscookies<\/li>\n<li>\u2013 Funktionalit\u00e4tscookies<\/li>\n<li>\u2013 Analytische Cookies<\/li>\n<\/ul>\n<p>&nbsp;<br \/>\nNavigations- und Sitzungscookies gew\u00e4hrleisten die korrekte Navigation und Nutzung der Website. Sie erm\u00f6glichen beispielsweise die Authentifizierung und den Zugriff auf gesch\u00fctzte Bereiche.<br \/>\n&nbsp;<br \/>\nFunktionalit\u00e4tscookies erm\u00f6glichen dem Benutzer die Navigation nach den von ihm ausgew\u00e4hlten Kriterien, beispielsweise der Sprache, um den Service zu verbessern.<br \/>\n&nbsp;<br \/>\nAnalytische Cookies (oder \u201eAnalyse-Cookies\u201c) werden verwendet, um Informationen in aggregierter und anonymer Form \u00fcber die Nutzung der Website und Benutzeraktivit\u00e4ten zu sammeln, beispielsweise die Anzahl der verbundenen Benutzer und die besuchten Seiten.<br \/>\n&nbsp;<br \/>\nDer Eigent\u00fcmer verwendet diese Informationen f\u00fcr statistische Analysen, um die Website zu verbessern und ihre Nutzung zu vereinfachen sowie um ihre korrekte Funktion zu \u00fcberwachen.<br \/>\n&nbsp;<br \/>\n&nbsp;<br \/>\n<strong>Profiling-Cookies<\/strong><br \/>\n&nbsp;<br \/>\nProfiling-Cookies erm\u00f6glichen die Erfassung von Informationen \u00fcber die Nutzung der Website durch den einzelnen Benutzer und erm\u00f6glichen so die Erstellung spezifischer Benutzerprofile. Sie werden h\u00e4ufig f\u00fcr Werbezwecke und Werbebotschaften eingesetzt.<br \/>\n&nbsp;<br \/>\nAngesichts der besonderen Eingriffsm\u00f6glichkeiten, die diese in die Privatsph\u00e4re der Nutzer haben k\u00f6nnen, ist es erforderlich, dass der Nutzer \u00fcber die Nutzung angemessen informiert wird und seine Einwilligung oder Ablehnung zur Nutzung \u00e4u\u00dfern kann. Diese Website verwendet keine Profiling-Cookies.<br \/>\n&nbsp;<br \/>\n&nbsp;<br \/>\n<strong>Google Analytics<\/strong><br \/>\n&nbsp;<br \/>\nDie Website nutzt den Dienst Google Analytics, um die Nutzung der Website durch Benutzer zu analysieren. Google Analytics ist ein Webanalysedienst von Google, Inc. (\u201eGoogle\u201c). Google Analytics verwendet propriet\u00e4re Cookies, damit die Website analysieren kann, wie Benutzer die Website nutzen. Die durch den Cookie erzeugten Informationen \u00fcber Ihre Benutzung dieser Website (einschlie\u00dflich Ihrer IP-Adresse) werden an einen Server von Google in den USA \u00fcbertragen und dort gespeichert. Google (unabh\u00e4ngiger Datenverantwortlicher) verwendet diese Informationen, um Ihre Nutzung der Website zu verfolgen und zu untersuchen, Berichte \u00fcber Website-Aktivit\u00e4ten f\u00fcr Website-Betreiber zu erstellen und andere Dienstleistungen im Zusammenhang mit Website-Aktivit\u00e4ten und Nutzung des Internets bereitzustellen. Auch wird Google diese Informationen gegebenenfalls an Dritte \u00fcbertragen, sofern dies gesetzlich vorgeschrieben oder soweit Dritte diese Daten im Auftrag von Google verarbeiten. Google wird Ihre IP-Adresse nicht mit anderen Daten von Google in Verbindung bringen. Sie k\u00f6nnen die Verwendung von Cookies durch eine entsprechende Einstellung Ihres Browsers ablehnen, dies kann jedoch dazu f\u00fchren, dass Sie nicht alle Funktionen dieser Website nutzen k\u00f6nnen. Weitere Informationen finden Sie in der Datenschutzerkl\u00e4rung von Google unter: http:\/\/www.google.com\/privacypolicy.html.<br \/>\n&nbsp;<br \/>\n&nbsp;<br \/>\n<strong>\u00dcberpr\u00fcfen Sie die Installation von Cookies<\/strong><br \/>\n&nbsp;<br \/>\nDer Benutzer kann seine Pr\u00e4ferenzen in Bezug auf Cookies direkt in seinem Browser verwalten und verhindernK\u00f6nig \u2013 zum Beispiel \u2013 dass Dritte sie installieren k\u00f6nnen. \u00dcber die Browsereinstellungen ist es auch m\u00f6glich, in der Vergangenheit installierte Cookies zu l\u00f6schen, einschlie\u00dflich des Cookies, in dem m\u00f6glicherweise die Zustimmung zur Installation von Cookies durch diese Website gespeichert wird. Bitte beachten Sie, dass durch die Deaktivierung aller Cookies die Funktion dieser Website beeintr\u00e4chtigt werden kann.<br \/>\n&nbsp;<br \/>\nDer Benutzer kann unter den folgenden Adressen Informationen zur Verwaltung von Cookies in seinem Browser finden:<br \/>\n&nbsp;<\/p>\n<ul>\n<li>&#8211; Google Chrome (<a href=\"https:\/\/support.google.com\/chrome\/answer\/95647?hl=it&#038;p=cpn_cookies\" target=\"__blank\" rel=\"noopener\">https:\/\/support .google.com\/chrome\/answer\/95647?hl=it&#038;p=cpn_cookies<\/a>)<\/li>\n<li>&#8211; Mozilla Firefox (<a href=\"https:\/\/support.mozilla.org\/it\/kb\/Attivare%20e%20disattivare%20i%20cookie\" target=\"__blank\" rel=\"noopener\">https:\/ \/support.mozilla.org\/it\/kb\/Attivare%20e%20disattivare%20i%20cookie<\/a>)<\/li>\n<li>&#8211; Apple Safari (<a href=\"https:\/\/support.apple.com\/kb\/PH19214?viewlocale=it_IT&#038;locale=en_US\" target=\"__blank\" rel=\"noopener\">https:\/\/support.apple .com\/kb\/PH19214?viewlocale=it_IT&#038;locale=en_US<\/a>)<\/li>\n<li>&#8211; Microsoft Windows Explorer (<a href=\"https:\/\/support.microsoft.com\/it-it\/help\/17442\/windows-internet-explorer-delete-manage-cookies\" target=\"__blank\" rel=\"noopener\">https:\/\/support.microsoft.com\/it-it\/help\/17442\/windows-internet-explorer-delete-manage-cookies<\/a>).<\/li>\n<\/ul>\n<p>&nbsp;<br \/>\nIm Falle von Diensten Dritter kann der Nutzer sein Widerspruchsrecht gegen das Tracking auch dadurch aus\u00fcben, dass er sich \u00fcber die Datenschutzbestimmungen des Drittanbieters direkt an diesen wendet.<br \/>\n&nbsp;<br \/>\n&nbsp;<br \/>\n<strong>Datenverantwortlicher<\/strong><br \/>\n&nbsp;<br \/>\nDer Datenverantwortliche ist TERAPLAST SPA.<br \/>\n&nbsp;<br \/>\n&nbsp;<\/p>\n<\/div>\n","protected":false},"excerpt":{"rendered":"<p>(Informationen gem\u00e4\u00df der Garantenbestimmung zum Schutz personenbezogener Daten vom 8.5.2014 Nr. 229) &nbsp; Ja, bitte beachten Sie, dass diese Website Cookies verwendet, um ihre Dienste so effizient und benutzerfreundlich wie m\u00f6glich zu gestalten. Diese Website verwendet technische Cookies, die ohne Zustimmung des Benutzers verwendet werden k\u00f6nnen, da sie f\u00fcr die Bereitstellung des Dienstes unbedingt erforderlich [&hellip;]<\/p>\n","protected":false},"author":2,"featured_media":0,"parent":0,"menu_order":0,"comment_status":"closed","ping_status":"closed","template":"","meta":{"inline_featured_image":false,"footnotes":""},"class_list":["post-26382","page","type-page","status-publish","hentry"],"acf":[],"_links":{"self":[{"href":"https:\/\/www.teraitaly.com\/de\/wp-json\/wp\/v2\/pages\/26382","targetHints":{"allow":["GET"]}}],"collection":[{"href":"https:\/\/www.teraitaly.com\/de\/wp-json\/wp\/v2\/pages"}],"about":[{"href":"https:\/\/www.teraitaly.com\/de\/wp-json\/wp\/v2\/types\/page"}],"author":[{"embeddable":true,"href":"https:\/\/www.teraitaly.com\/de\/wp-json\/wp\/v2\/users\/2"}],"replies":[{"embeddable":true,"href":"https:\/\/www.teraitaly.com\/de\/wp-json\/wp\/v2\/comments?post=26382"}],"version-history":[{"count":1,"href":"https:\/\/www.teraitaly.com\/de\/wp-json\/wp\/v2\/pages\/26382\/revisions"}],"predecessor-version":[{"id":26386,"href":"https:\/\/www.teraitaly.com\/de\/wp-json\/wp\/v2\/pages\/26382\/revisions\/26386"}],"wp:attachment":[{"href":"https:\/\/www.teraitaly.com\/de\/wp-json\/wp\/v2\/media?parent=26382"}],"curies":[{"name":"wp","href":"https:\/\/api.w.org\/{rel}","templated":true}]}}